{"id":5060,"date":"2024-02-25T17:21:41","date_gmt":"2024-02-25T17:21:41","guid":{"rendered":"https:\/\/rossotime.com\/?post_type=product&#038;p=5060"},"modified":"2026-04-20T11:04:08","modified_gmt":"2026-04-20T11:04:08","slug":"rolex-cosmograph-daytona-edicion-especial-centenario-le-mans-oro-amarillo-18k","status":"publish","type":"product","link":"https:\/\/rossotime.com\/es\/shop\/rolex-es\/rolex-cosmograph-daytona-edicion-especial-centenario-le-mans-oro-amarillo-18k\/","title":{"rendered":"Rolex Cosmograph Daytona &#8211; Edici\u00f3n Especial Centenario \u00abLe Mans\u00bb &#8211; Oro Amarillo 18k"},"content":{"rendered":"<p>Presentamos una de las piezas m\u00e1s exclusivas y codiciadas del mundo de la alta relojer\u00eda: el Rolex Cosmograph Daytona \u00abLe Mans\u00bb (Ref. 126528).<\/p>\n<p>Este reloj no es solo un cron\u00f3grafo de lujo; es una edici\u00f3n especial lanzada para conmemorar el centenario de la m\u00edtica carrera de las 24 Horas de Le Mans. Fabricado \u00edntegramente en oro amarillo de 18 quilates, destaca por su esfera negra con contadores blancos de estilo \u00abvintage\u00bb, que rinden homenaje al legendario Paul Newman.<\/p>\n<p>Es una pieza de producci\u00f3n extremadamente limitada, reservada para los coleccionistas m\u00e1s importantes de la marca, lo que garantiza un valor de inversi\u00f3n excepcional.<\/p>\n","protected":false},"excerpt":{"rendered":"<p>Presentamos una de las piezas m\u00e1s exclusivas y codiciadas del mundo de la alta relojer\u00eda: el Rolex Cosmograph Daytona \u00abLe Mans\u00bb (Ref. 126528). Este reloj no es solo un cron\u00f3grafo de lujo; es una edici\u00f3n especial lanzada para conmemorar el centenario de la m\u00edtica carrera de las 24 Horas de Le Mans. Fabricado \u00edntegramente en [&hellip;]<\/p>\n","protected":false},"featured_media":5051,"comment_status":"open","ping_status":"closed","template":"","meta":{"_acf_changed":false},"product_brand":[],"product_cat":[54],"product_tag":[],"class_list":{"0":"post-5060","1":"product","2":"type-product","3":"status-publish","4":"has-post-thumbnail","6":"product_cat-rolex-es","8":"first","9":"instock","10":"shipping-taxable","11":"purchasable","12":"product-type-simple"},"acf":[],"_links":{"self":[{"href":"https:\/\/rossotime.com\/es\/wp-json\/wp\/v2\/product\/5060","targetHints":{"allow":["GET"]}}],"collection":[{"href":"https:\/\/rossotime.com\/es\/wp-json\/wp\/v2\/product"}],"about":[{"href":"https:\/\/rossotime.com\/es\/wp-json\/wp\/v2\/types\/product"}],"replies":[{"embeddable":true,"href":"https:\/\/rossotime.com\/es\/wp-json\/wp\/v2\/comments?post=5060"}],"wp:featuredmedia":[{"embeddable":true,"href":"https:\/\/rossotime.com\/es\/wp-json\/wp\/v2\/media\/5051"}],"wp:attachment":[{"href":"https:\/\/rossotime.com\/es\/wp-json\/wp\/v2\/media?parent=5060"}],"wp:term":[{"taxonomy":"product_brand","embeddable":true,"href":"https:\/\/rossotime.com\/es\/wp-json\/wp\/v2\/product_brand?post=5060"},{"taxonomy":"product_cat","embeddable":true,"href":"https:\/\/rossotime.com\/es\/wp-json\/wp\/v2\/product_cat?post=5060"},{"taxonomy":"product_tag","embeddable":true,"href":"https:\/\/rossotime.com\/es\/wp-json\/wp\/v2\/product_tag?post=5060"}],"curies":[{"name":"wp","href":"https:\/\/api.w.org\/{rel}","templated":true}]}}