{"id":4937,"date":"2024-03-04T13:10:23","date_gmt":"2024-03-04T13:10:23","guid":{"rendered":"https:\/\/rossotime.com\/shop\/sin%20categor\u00eda\/audemars-piguet-royal-oak\/"},"modified":"2025-11-28T15:41:44","modified_gmt":"2025-11-28T15:41:44","slug":"audemars-piguet-royal-oak","status":"publish","type":"product","link":"https:\/\/rossotime.com\/es\/shop\/audemars-piguet-es\/audemars-piguet-royal-oak\/","title":{"rendered":"Audemars Piguet Royal Oak."},"content":{"rendered":"<p>Este reloj es un Audemars Piguet Royal Oak, un icono de la alta relojer\u00eda suiza. Presenta una caja de oro rosa de 18 quilates con el caracter\u00edstico bisel octogonal y tornillos visibles. Su esfera negra con motivo \u00abTapisserie\u00bb e \u00edndices de oro rosa desprende una elegancia sin igual. Adem\u00e1s, cuenta con una correa de piel negra que complementa a la perfecci\u00f3n su sofisticado dise\u00f1o. La funci\u00f3n de fecha a las 3 y el movimiento autom\u00e1tico de alta precisi\u00f3n hacen de este reloj una pieza exclusiva y atemporal.    <\/p>\n","protected":false},"excerpt":{"rendered":"<p>Este reloj es un Audemars Piguet Royal Oak, un icono de la alta relojer\u00eda suiza. Presenta una caja de oro rosa de 18 quilates con el caracter\u00edstico bisel octogonal y tornillos visibles. Su esfera negra con motivo \u00abTapisserie\u00bb e \u00edndices de oro rosa desprende una elegancia sin igual. Adem\u00e1s, cuenta con una correa de piel [&hellip;]<\/p>\n","protected":false},"featured_media":3965,"comment_status":"open","ping_status":"closed","template":"","meta":{"_acf_changed":false},"product_brand":[],"product_cat":[53],"product_tag":[],"class_list":{"0":"post-4937","1":"product","2":"type-product","3":"status-publish","4":"has-post-thumbnail","6":"product_cat-audemars-piguet-es","8":"first","9":"instock","10":"shipping-taxable","11":"purchasable","12":"product-type-simple"},"acf":[],"_links":{"self":[{"href":"https:\/\/rossotime.com\/es\/wp-json\/wp\/v2\/product\/4937","targetHints":{"allow":["GET"]}}],"collection":[{"href":"https:\/\/rossotime.com\/es\/wp-json\/wp\/v2\/product"}],"about":[{"href":"https:\/\/rossotime.com\/es\/wp-json\/wp\/v2\/types\/product"}],"replies":[{"embeddable":true,"href":"https:\/\/rossotime.com\/es\/wp-json\/wp\/v2\/comments?post=4937"}],"wp:featuredmedia":[{"embeddable":true,"href":"https:\/\/rossotime.com\/es\/wp-json\/wp\/v2\/media\/3965"}],"wp:attachment":[{"href":"https:\/\/rossotime.com\/es\/wp-json\/wp\/v2\/media?parent=4937"}],"wp:term":[{"taxonomy":"product_brand","embeddable":true,"href":"https:\/\/rossotime.com\/es\/wp-json\/wp\/v2\/product_brand?post=4937"},{"taxonomy":"product_cat","embeddable":true,"href":"https:\/\/rossotime.com\/es\/wp-json\/wp\/v2\/product_cat?post=4937"},{"taxonomy":"product_tag","embeddable":true,"href":"https:\/\/rossotime.com\/es\/wp-json\/wp\/v2\/product_tag?post=4937"}],"curies":[{"name":"wp","href":"https:\/\/api.w.org\/{rel}","templated":true}]}}