{"id":4936,"date":"2025-01-08T15:37:17","date_gmt":"2025-01-08T15:37:17","guid":{"rendered":"https:\/\/rossotime.com\/shop\/sin%20categor\u00eda\/rolex-daydate\/"},"modified":"2025-11-28T15:39:38","modified_gmt":"2025-11-28T15:39:38","slug":"rolex-daydate","status":"publish","type":"product","link":"https:\/\/rossotime.com\/es\/shop\/rolex-es\/rolex-daydate\/","title":{"rendered":"Rolex DayDate"},"content":{"rendered":"<p>Presentamos un ejemplar excepcional del emblem\u00e1tico Rolex DayDate 40, referencia 228206. Elaborado en platino macizo, este reloj combina lujo y sofisticaci\u00f3n con una precisi\u00f3n sin igual. Se distingue por su distintiva esfera de meteorito gris, \u00fanica en cada pieza debido a las caracter\u00edsticas naturales del material.  <\/p>\n<p>Este reloj, fabricado en 2021, est\u00e1 en excelente estado y es una pieza exclusiva para coleccionistas y amantes de la alta relojer\u00eda.<\/p>\n<p>Caja original y documentaci\u00f3n incluidas.<\/p>\n","protected":false},"excerpt":{"rendered":"<p>Presentamos un ejemplar excepcional del emblem\u00e1tico Rolex DayDate 40, referencia 228206. Elaborado en platino macizo, este reloj combina lujo y sofisticaci\u00f3n con una precisi\u00f3n sin igual. Se distingue por su distintiva esfera de meteorito gris, \u00fanica en cada pieza debido a las caracter\u00edsticas naturales del material. Este reloj, fabricado en 2021, est\u00e1 en excelente estado [&hellip;]<\/p>\n","protected":false},"featured_media":2890,"comment_status":"open","ping_status":"closed","template":"","meta":{"_acf_changed":false},"product_brand":[],"product_cat":[54],"product_tag":[],"class_list":{"0":"post-4936","1":"product","2":"type-product","3":"status-publish","4":"has-post-thumbnail","6":"product_cat-rolex-es","8":"first","9":"outofstock","10":"shipping-taxable","11":"product-type-simple"},"acf":[],"_links":{"self":[{"href":"https:\/\/rossotime.com\/es\/wp-json\/wp\/v2\/product\/4936","targetHints":{"allow":["GET"]}}],"collection":[{"href":"https:\/\/rossotime.com\/es\/wp-json\/wp\/v2\/product"}],"about":[{"href":"https:\/\/rossotime.com\/es\/wp-json\/wp\/v2\/types\/product"}],"replies":[{"embeddable":true,"href":"https:\/\/rossotime.com\/es\/wp-json\/wp\/v2\/comments?post=4936"}],"wp:featuredmedia":[{"embeddable":true,"href":"https:\/\/rossotime.com\/es\/wp-json\/wp\/v2\/media\/2890"}],"wp:attachment":[{"href":"https:\/\/rossotime.com\/es\/wp-json\/wp\/v2\/media?parent=4936"}],"wp:term":[{"taxonomy":"product_brand","embeddable":true,"href":"https:\/\/rossotime.com\/es\/wp-json\/wp\/v2\/product_brand?post=4936"},{"taxonomy":"product_cat","embeddable":true,"href":"https:\/\/rossotime.com\/es\/wp-json\/wp\/v2\/product_cat?post=4936"},{"taxonomy":"product_tag","embeddable":true,"href":"https:\/\/rossotime.com\/es\/wp-json\/wp\/v2\/product_tag?post=4936"}],"curies":[{"name":"wp","href":"https:\/\/api.w.org\/{rel}","templated":true}]}}