{"id":4935,"date":"2025-01-09T11:01:14","date_gmt":"2025-01-09T11:01:14","guid":{"rendered":"https:\/\/rossotime.com\/shop\/sin%20categor\u00eda\/rolex-gmt-master-ii-2\/"},"modified":"2025-11-28T15:39:37","modified_gmt":"2025-11-28T15:39:37","slug":"rolex-gmt-master-ii-2","status":"publish","type":"product","link":"https:\/\/rossotime.com\/es\/shop\/rolex-es\/rolex-gmt-master-ii-2\/","title":{"rendered":"Rolex GMT Master II"},"content":{"rendered":"<p>El Rolex GMT Master II es el compa\u00f1ero perfecto para los viajeros de todo el mundo, ya que combina funcionalidad y sofisticaci\u00f3n. Esta versi\u00f3n, fabricada en oro Everose de 18 quilates, presenta un bisel Cerachrom bicolor en tonos negro y marr\u00f3n (\u00abRoot Beer\u00bb)<\/p>\n<p>Un reloj de 2021 que combina la herencia de Rolex con un dise\u00f1o moderno y exclusivo, imprescindible para los aficionados a la alta relojer\u00eda.<\/p>\n<p>Incluye caja original y documentaci\u00f3n.<\/p>\n","protected":false},"excerpt":{"rendered":"<p>El Rolex GMT Master II es el compa\u00f1ero perfecto para los viajeros de todo el mundo, ya que combina funcionalidad y sofisticaci\u00f3n. Esta versi\u00f3n, fabricada en oro Everose de 18 quilates, presenta un bisel Cerachrom bicolor en tonos negro y marr\u00f3n (\u00abRoot Beer\u00bb) Un reloj de 2021 que combina la herencia de Rolex con un [&hellip;]<\/p>\n","protected":false},"featured_media":2911,"comment_status":"open","ping_status":"closed","template":"","meta":{"_acf_changed":false},"product_brand":[],"product_cat":[54],"product_tag":[],"class_list":{"0":"post-4935","1":"product","2":"type-product","3":"status-publish","4":"has-post-thumbnail","6":"product_cat-rolex-es","8":"first","9":"outofstock","10":"shipping-taxable","11":"product-type-simple"},"acf":[],"_links":{"self":[{"href":"https:\/\/rossotime.com\/es\/wp-json\/wp\/v2\/product\/4935","targetHints":{"allow":["GET"]}}],"collection":[{"href":"https:\/\/rossotime.com\/es\/wp-json\/wp\/v2\/product"}],"about":[{"href":"https:\/\/rossotime.com\/es\/wp-json\/wp\/v2\/types\/product"}],"replies":[{"embeddable":true,"href":"https:\/\/rossotime.com\/es\/wp-json\/wp\/v2\/comments?post=4935"}],"wp:featuredmedia":[{"embeddable":true,"href":"https:\/\/rossotime.com\/es\/wp-json\/wp\/v2\/media\/2911"}],"wp:attachment":[{"href":"https:\/\/rossotime.com\/es\/wp-json\/wp\/v2\/media?parent=4935"}],"wp:term":[{"taxonomy":"product_brand","embeddable":true,"href":"https:\/\/rossotime.com\/es\/wp-json\/wp\/v2\/product_brand?post=4935"},{"taxonomy":"product_cat","embeddable":true,"href":"https:\/\/rossotime.com\/es\/wp-json\/wp\/v2\/product_cat?post=4935"},{"taxonomy":"product_tag","embeddable":true,"href":"https:\/\/rossotime.com\/es\/wp-json\/wp\/v2\/product_tag?post=4935"}],"curies":[{"name":"wp","href":"https:\/\/api.w.org\/{rel}","templated":true}]}}