{"id":4933,"date":"2025-02-07T15:08:37","date_gmt":"2025-02-07T15:08:37","guid":{"rendered":"https:\/\/rossotime.com\/shop\/sin%20categor\u00eda\/rolex-submariner-date-2\/"},"modified":"2026-03-30T08:53:53","modified_gmt":"2026-03-30T08:53:53","slug":"rolex-submariner-date-2","status":"publish","type":"product","link":"https:\/\/rossotime.com\/es\/shop\/rolex-es\/rolex-submariner-date-2\/","title":{"rendered":"Rolex Submariner Fecha"},"content":{"rendered":"<p>Descubre la excelencia del Rolex Submariner Date, conocido com\u00fanmente como \u00abHulk\u00bb, n\u00famero de modelo 126610LV: un reloj que combina elegancia y funcionalidad.<\/p>\n<p>Con su caja Oystersteel de 41 mm y su bisel giratorio de cer\u00e1mica, ofrece una presencia robusta y sofisticada. Impulsado por el calibre 3235 de Rolex, garantiza una precisi\u00f3n cronom\u00e9trica excepcional y una resistencia al agua de hasta 300 metros. Tanto para aventuras submarinas como para ocasiones formales, el Submariner Date es una declaraci\u00f3n de estilo y fiabilidad suizos.  <\/p>\n","protected":false},"excerpt":{"rendered":"<p>Descubre la excelencia del Rolex Submariner Date, conocido com\u00fanmente como \u00abHulk\u00bb, n\u00famero de modelo 126610LV: un reloj que combina elegancia y funcionalidad. Con su caja Oystersteel de 41 mm y su bisel giratorio de cer\u00e1mica, ofrece una presencia robusta y sofisticada. Impulsado por el calibre 3235 de Rolex, garantiza una precisi\u00f3n cronom\u00e9trica excepcional y una [&hellip;]<\/p>\n","protected":false},"featured_media":3477,"comment_status":"open","ping_status":"closed","template":"","meta":{"_acf_changed":false},"product_brand":[],"product_cat":[54],"product_tag":[93,94],"class_list":{"0":"post-4933","1":"product","2":"type-product","3":"status-publish","4":"has-post-thumbnail","6":"product_cat-rolex-es","7":"product_tag-rolex-hulk-es","8":"product_tag-rolex-submariner-date-es","10":"first","11":"outofstock","12":"shipping-taxable","13":"purchasable","14":"product-type-simple"},"acf":[],"_links":{"self":[{"href":"https:\/\/rossotime.com\/es\/wp-json\/wp\/v2\/product\/4933","targetHints":{"allow":["GET"]}}],"collection":[{"href":"https:\/\/rossotime.com\/es\/wp-json\/wp\/v2\/product"}],"about":[{"href":"https:\/\/rossotime.com\/es\/wp-json\/wp\/v2\/types\/product"}],"replies":[{"embeddable":true,"href":"https:\/\/rossotime.com\/es\/wp-json\/wp\/v2\/comments?post=4933"}],"wp:featuredmedia":[{"embeddable":true,"href":"https:\/\/rossotime.com\/es\/wp-json\/wp\/v2\/media\/3477"}],"wp:attachment":[{"href":"https:\/\/rossotime.com\/es\/wp-json\/wp\/v2\/media?parent=4933"}],"wp:term":[{"taxonomy":"product_brand","embeddable":true,"href":"https:\/\/rossotime.com\/es\/wp-json\/wp\/v2\/product_brand?post=4933"},{"taxonomy":"product_cat","embeddable":true,"href":"https:\/\/rossotime.com\/es\/wp-json\/wp\/v2\/product_cat?post=4933"},{"taxonomy":"product_tag","embeddable":true,"href":"https:\/\/rossotime.com\/es\/wp-json\/wp\/v2\/product_tag?post=4933"}],"curies":[{"name":"wp","href":"https:\/\/api.w.org\/{rel}","templated":true}]}}