{"id":4931,"date":"2025-03-15T16:43:10","date_gmt":"2025-03-15T16:43:10","guid":{"rendered":"https:\/\/rossotime.com\/shop\/sin%20categor\u00eda\/audemars-piguet-royal-oak-offshore-chronograph-barrichello-2\/"},"modified":"2025-11-28T15:37:28","modified_gmt":"2025-11-28T15:37:28","slug":"audemars-piguet-royal-oak-offshore-chronograph-barrichello-2","status":"publish","type":"product","link":"https:\/\/rossotime.com\/es\/shop\/audemars-piguet-es\/audemars-piguet-royal-oak-offshore-chronograph-barrichello-2\/","title":{"rendered":"Audemars Piguet Royal Oak Offshore Cron\u00f3grafo Barrichello"},"content":{"rendered":"<p class=\"p1\"><span class=\"s1\">El Audemars Piguet Royal Oak Offshore Cron\u00f3grafo Barrichello-26071IK, <\/span><span class=\"s2\">Inspirado en Rubens Barrichello, este cron\u00f3grafo exclusivo presenta una <\/span><span class=\"s1\">caja de titanio de 42 mm<\/span><span class=\"s2\">bisel de cer\u00e1mica y pulsadores que recuerdan la ingenier\u00eda de la F\u00f3rmula 1. Impulsado por el   <\/span><span class=\"s1\">autom\u00e1tico Calibre 2326\/2840<\/span><span class=\"s2\">ofrece <\/span><span class=\"s1\">una resistencia al agua de 100 m<\/span><span class=\"s2\"> y un dise\u00f1o atrevido y deportivo.<\/span><\/p>\n<p class=\"p1\">\n","protected":false},"excerpt":{"rendered":"<p>El Audemars Piguet Royal Oak Offshore Cron\u00f3grafo Barrichello-26071IK, Inspirado en Rubens Barrichello, este cron\u00f3grafo exclusivo presenta una caja de titanio de 42 mmbisel de cer\u00e1mica y pulsadores que recuerdan la ingenier\u00eda de la F\u00f3rmula 1. Impulsado por el autom\u00e1tico Calibre 2326\/2840ofrece una resistencia al agua de 100 m y un dise\u00f1o atrevido y deportivo.<\/p>\n","protected":false},"featured_media":3471,"comment_status":"open","ping_status":"closed","template":"","meta":{"_acf_changed":false},"product_brand":[],"product_cat":[53],"product_tag":[],"class_list":{"0":"post-4931","1":"product","2":"type-product","3":"status-publish","4":"has-post-thumbnail","6":"product_cat-audemars-piguet-es","8":"first","9":"instock","10":"shipping-taxable","11":"product-type-simple"},"acf":[],"_links":{"self":[{"href":"https:\/\/rossotime.com\/es\/wp-json\/wp\/v2\/product\/4931","targetHints":{"allow":["GET"]}}],"collection":[{"href":"https:\/\/rossotime.com\/es\/wp-json\/wp\/v2\/product"}],"about":[{"href":"https:\/\/rossotime.com\/es\/wp-json\/wp\/v2\/types\/product"}],"replies":[{"embeddable":true,"href":"https:\/\/rossotime.com\/es\/wp-json\/wp\/v2\/comments?post=4931"}],"wp:featuredmedia":[{"embeddable":true,"href":"https:\/\/rossotime.com\/es\/wp-json\/wp\/v2\/media\/3471"}],"wp:attachment":[{"href":"https:\/\/rossotime.com\/es\/wp-json\/wp\/v2\/media?parent=4931"}],"wp:term":[{"taxonomy":"product_brand","embeddable":true,"href":"https:\/\/rossotime.com\/es\/wp-json\/wp\/v2\/product_brand?post=4931"},{"taxonomy":"product_cat","embeddable":true,"href":"https:\/\/rossotime.com\/es\/wp-json\/wp\/v2\/product_cat?post=4931"},{"taxonomy":"product_tag","embeddable":true,"href":"https:\/\/rossotime.com\/es\/wp-json\/wp\/v2\/product_tag?post=4931"}],"curies":[{"name":"wp","href":"https:\/\/api.w.org\/{rel}","templated":true}]}}