{"id":4928,"date":"2025-03-16T11:32:38","date_gmt":"2025-03-16T11:32:38","guid":{"rendered":"https:\/\/rossotime.com\/shop\/sin%20categor\u00eda\/audemars-piguet-royal-oak-chronograph-juan-pablo-montoya\/"},"modified":"2025-11-28T15:38:20","modified_gmt":"2025-11-28T15:38:20","slug":"audemars-piguet-royal-oak-chronograph-juan-pablo-montoya","status":"publish","type":"product","link":"https:\/\/rossotime.com\/es\/shop\/audemars-piguet-es\/audemars-piguet-royal-oak-chronograph-juan-pablo-montoya\/","title":{"rendered":"Audemars Piguet Royal Oak Cron\u00f3grafo Juan Pablo Montoya"},"content":{"rendered":"<p class=\"p1\">Audemars Piguet Royal Oak Cron\u00f3grafo Juan Pablo Montoya<\/p>\n<p class=\"p1\"><span class=\"s2\">Este extraordinario reloj rinde homenaje a la audacia y el legado del icono de las carreras Juan Pablo Montoya. Con elementos de dise\u00f1o inspirados en la potencia y la precisi\u00f3n de los deportes de motor, este cron\u00f3grafo Royal Oak de edici\u00f3n limitada combina a la perfecci\u00f3n la artesan\u00eda innovadora con el lujo inconfundible de Audemars Piguet. <\/span><\/p>\n<p class=\"p1\"><span class=\"s2\">Con acabados que evocan el mundo de la velocidad y un car\u00e1cter singularmente din\u00e1mico, este reloj se erige como un verdadero homenaje al esp\u00edritu competitivo y a la perfecci\u00f3n t\u00e9cnica.<\/span><\/p>\n<p class=\"p1\"><span class=\"s1\">Una obra maestra para quienes buscan exclusividad y estilo con una historia.<\/span><\/p>\n","protected":false},"excerpt":{"rendered":"<p>Audemars Piguet Royal Oak Cron\u00f3grafo Juan Pablo Montoya Este extraordinario reloj rinde homenaje a la audacia y el legado del icono de las carreras Juan Pablo Montoya. Con elementos de dise\u00f1o inspirados en la potencia y la precisi\u00f3n de los deportes de motor, este cron\u00f3grafo Royal Oak de edici\u00f3n limitada combina a la perfecci\u00f3n la [&hellip;]<\/p>\n","protected":false},"featured_media":3485,"comment_status":"open","ping_status":"closed","template":"","meta":{"_acf_changed":false},"product_brand":[],"product_cat":[53],"product_tag":[],"class_list":{"0":"post-4928","1":"product","2":"type-product","3":"status-publish","4":"has-post-thumbnail","6":"product_cat-audemars-piguet-es","8":"first","9":"instock","10":"shipping-taxable","11":"product-type-simple"},"acf":[],"_links":{"self":[{"href":"https:\/\/rossotime.com\/es\/wp-json\/wp\/v2\/product\/4928","targetHints":{"allow":["GET"]}}],"collection":[{"href":"https:\/\/rossotime.com\/es\/wp-json\/wp\/v2\/product"}],"about":[{"href":"https:\/\/rossotime.com\/es\/wp-json\/wp\/v2\/types\/product"}],"replies":[{"embeddable":true,"href":"https:\/\/rossotime.com\/es\/wp-json\/wp\/v2\/comments?post=4928"}],"wp:featuredmedia":[{"embeddable":true,"href":"https:\/\/rossotime.com\/es\/wp-json\/wp\/v2\/media\/3485"}],"wp:attachment":[{"href":"https:\/\/rossotime.com\/es\/wp-json\/wp\/v2\/media?parent=4928"}],"wp:term":[{"taxonomy":"product_brand","embeddable":true,"href":"https:\/\/rossotime.com\/es\/wp-json\/wp\/v2\/product_brand?post=4928"},{"taxonomy":"product_cat","embeddable":true,"href":"https:\/\/rossotime.com\/es\/wp-json\/wp\/v2\/product_cat?post=4928"},{"taxonomy":"product_tag","embeddable":true,"href":"https:\/\/rossotime.com\/es\/wp-json\/wp\/v2\/product_tag?post=4928"}],"curies":[{"name":"wp","href":"https:\/\/api.w.org\/{rel}","templated":true}]}}