{"id":4926,"date":"2025-03-18T14:11:17","date_gmt":"2025-03-18T14:11:17","guid":{"rendered":"https:\/\/rossotime.com\/shop\/sin%20categor\u00eda\/audemars-piguet-royal-oak-chronograph-shaquille-oneal\/"},"modified":"2025-11-28T15:38:01","modified_gmt":"2025-11-28T15:38:01","slug":"audemars-piguet-royal-oak-chronograph-shaquille-oneal","status":"publish","type":"product","link":"https:\/\/rossotime.com\/es\/shop\/audemars-piguet-es\/audemars-piguet-royal-oak-chronograph-shaquille-oneal\/","title":{"rendered":"Audemars Piguet Royal Oak Cron\u00f3grafo-Shaquille O&#8217;Neal"},"content":{"rendered":"<p class=\"p1\">Audemars Piguet Royal Oak Cron\u00f3grafo-Shaquille O&#8217;Neal<\/p>\n<p class=\"p1\"><span class=\"s2\">Un tributo a la grandeza tanto dentro como fuera de la cancha, este exclusivo reloj captura la esencia del legendario Shaquille O&#8217;Neal. Con un dise\u00f1o atrevido y poderoso, este Royal Oak Cron\u00f3grafo de edici\u00f3n limitada refleja la inmensa presencia y el estilo \u00fanico del ic\u00f3nico jugador de baloncesto. Cada detalle est\u00e1 meticulosamente elaborado para ofrecer un reloj de alta gama que combina elegancia y fuerza, igual que Shaq durante su carrera.  <\/span><\/p>\n<p class=\"p1\"><span class=\"s2\">Como edici\u00f3n limitada, este reloj es un aut\u00e9ntico s\u00edmbolo de lujo y rendimiento, perfecto para coleccionistas y fans del legado de Shaq.<\/span><\/p>\n<p class=\"p1\"><span class=\"s1\">Ahora disponible para quienes buscan una pieza de lujo con una historia \u00fanica.<\/span><\/p>\n","protected":false},"excerpt":{"rendered":"<p>Audemars Piguet Royal Oak Cron\u00f3grafo-Shaquille O&#8217;Neal Un tributo a la grandeza tanto dentro como fuera de la cancha, este exclusivo reloj captura la esencia del legendario Shaquille O&#8217;Neal. Con un dise\u00f1o atrevido y poderoso, este Royal Oak Cron\u00f3grafo de edici\u00f3n limitada refleja la inmensa presencia y el estilo \u00fanico del ic\u00f3nico jugador de baloncesto. Cada [&hellip;]<\/p>\n","protected":false},"featured_media":3479,"comment_status":"open","ping_status":"closed","template":"","meta":{"_acf_changed":false},"product_brand":[],"product_cat":[53],"product_tag":[],"class_list":{"0":"post-4926","1":"product","2":"type-product","3":"status-publish","4":"has-post-thumbnail","6":"product_cat-audemars-piguet-es","8":"first","9":"instock","10":"shipping-taxable","11":"purchasable","12":"product-type-simple"},"acf":[],"_links":{"self":[{"href":"https:\/\/rossotime.com\/es\/wp-json\/wp\/v2\/product\/4926","targetHints":{"allow":["GET"]}}],"collection":[{"href":"https:\/\/rossotime.com\/es\/wp-json\/wp\/v2\/product"}],"about":[{"href":"https:\/\/rossotime.com\/es\/wp-json\/wp\/v2\/types\/product"}],"replies":[{"embeddable":true,"href":"https:\/\/rossotime.com\/es\/wp-json\/wp\/v2\/comments?post=4926"}],"wp:featuredmedia":[{"embeddable":true,"href":"https:\/\/rossotime.com\/es\/wp-json\/wp\/v2\/media\/3479"}],"wp:attachment":[{"href":"https:\/\/rossotime.com\/es\/wp-json\/wp\/v2\/media?parent=4926"}],"wp:term":[{"taxonomy":"product_brand","embeddable":true,"href":"https:\/\/rossotime.com\/es\/wp-json\/wp\/v2\/product_brand?post=4926"},{"taxonomy":"product_cat","embeddable":true,"href":"https:\/\/rossotime.com\/es\/wp-json\/wp\/v2\/product_cat?post=4926"},{"taxonomy":"product_tag","embeddable":true,"href":"https:\/\/rossotime.com\/es\/wp-json\/wp\/v2\/product_tag?post=4926"}],"curies":[{"name":"wp","href":"https:\/\/api.w.org\/{rel}","templated":true}]}}