{"id":4924,"date":"2025-03-20T16:49:35","date_gmt":"2025-03-20T16:49:35","guid":{"rendered":"https:\/\/rossotime.com\/shop\/sin%20categor\u00eda\/audemars-piguet-royal-oak-chronograph-michael-schumacher-edition\/"},"modified":"2025-11-28T15:37:34","modified_gmt":"2025-11-28T15:37:34","slug":"audemars-piguet-royal-oak-chronograph-michael-schumacher-edition","status":"publish","type":"product","link":"https:\/\/rossotime.com\/es\/shop\/audemars-piguet-es\/audemars-piguet-royal-oak-chronograph-michael-schumacher-edition\/","title":{"rendered":"Audemars Piguet Royal Oak Cron\u00f3grafo Edici\u00f3n Michael Schumacher"},"content":{"rendered":"<p>Audemars Piguet Royal Oak Cron\u00f3grafo Edici\u00f3n Michael Schumacher<\/p>\n<p>Este reloj excepcional a\u00fana la experiencia relojera de Audemars Piguet con el legado de excelencia que encarna la leyenda de la F\u00f3rmula 1 Michael Schumacher. Dise\u00f1ado para quienes buscan la combinaci\u00f3n perfecta de lujo, precisi\u00f3n y rendimiento, el Cron\u00f3grafo Royal Oak destaca por su dise\u00f1o ic\u00f3nico y sus detalles \u00fanicos inspirados en el mundo de la velocidad y la elegancia.<\/p>\n<p>Como modelo de edici\u00f3n limitada, este reloj no s\u00f3lo es una pieza de coleccionista, sino tambi\u00e9n un aut\u00e9ntico s\u00edmbolo de exclusividad. Una elecci\u00f3n perfecta tanto para los amantes de la alta relojer\u00eda como para los entusiastas del motor.<\/p>\n","protected":false},"excerpt":{"rendered":"<p>Audemars Piguet Royal Oak Cron\u00f3grafo Edici\u00f3n Michael Schumacher Este reloj excepcional a\u00fana la experiencia relojera de Audemars Piguet con el legado de excelencia que encarna la leyenda de la F\u00f3rmula 1 Michael Schumacher. Dise\u00f1ado para quienes buscan la combinaci\u00f3n perfecta de lujo, precisi\u00f3n y rendimiento, el Cron\u00f3grafo Royal Oak destaca por su dise\u00f1o ic\u00f3nico y [&hellip;]<\/p>\n","protected":false},"featured_media":3557,"comment_status":"open","ping_status":"closed","template":"","meta":{"_acf_changed":false},"product_brand":[],"product_cat":[53],"product_tag":[],"class_list":{"0":"post-4924","1":"product","2":"type-product","3":"status-publish","4":"has-post-thumbnail","6":"product_cat-audemars-piguet-es","8":"first","9":"instock","10":"shipping-taxable","11":"purchasable","12":"product-type-simple"},"acf":[],"_links":{"self":[{"href":"https:\/\/rossotime.com\/es\/wp-json\/wp\/v2\/product\/4924","targetHints":{"allow":["GET"]}}],"collection":[{"href":"https:\/\/rossotime.com\/es\/wp-json\/wp\/v2\/product"}],"about":[{"href":"https:\/\/rossotime.com\/es\/wp-json\/wp\/v2\/types\/product"}],"replies":[{"embeddable":true,"href":"https:\/\/rossotime.com\/es\/wp-json\/wp\/v2\/comments?post=4924"}],"wp:featuredmedia":[{"embeddable":true,"href":"https:\/\/rossotime.com\/es\/wp-json\/wp\/v2\/media\/3557"}],"wp:attachment":[{"href":"https:\/\/rossotime.com\/es\/wp-json\/wp\/v2\/media?parent=4924"}],"wp:term":[{"taxonomy":"product_brand","embeddable":true,"href":"https:\/\/rossotime.com\/es\/wp-json\/wp\/v2\/product_brand?post=4924"},{"taxonomy":"product_cat","embeddable":true,"href":"https:\/\/rossotime.com\/es\/wp-json\/wp\/v2\/product_cat?post=4924"},{"taxonomy":"product_tag","embeddable":true,"href":"https:\/\/rossotime.com\/es\/wp-json\/wp\/v2\/product_tag?post=4924"}],"curies":[{"name":"wp","href":"https:\/\/api.w.org\/{rel}","templated":true}]}}