{"id":4923,"date":"2025-03-21T09:55:04","date_gmt":"2025-03-21T09:55:04","guid":{"rendered":"https:\/\/rossotime.com\/shop\/sin%20categor\u00eda\/audemars-piguet-royal-oak-offshore-perpetual-calendar-platinum\/"},"modified":"2025-11-28T15:37:40","modified_gmt":"2025-11-28T15:37:40","slug":"audemars-piguet-royal-oak-offshore-perpetual-calendar-platinum","status":"publish","type":"product","link":"https:\/\/rossotime.com\/es\/shop\/audemars-piguet-es\/audemars-piguet-royal-oak-offshore-perpetual-calendar-platinum\/","title":{"rendered":"Audemars Piguet Royal Oak Offshore Calendario Perpetuo Platino"},"content":{"rendered":"<p>Audemars Piguet Royal Oak Offshore Calendario Perpetuo Platino<\/p>\n<p>Una obra maestra s\u00faper exclusiva de la alta relojer\u00eda, este Audemars Piguet 26209PT tiene una caja de platino de 42 mm y una impresionante esfera azul. Accionado por el calibre AP 2326\/2839, ofrece calendario perpetuo, cron\u00f3grafo y fase lunar. La lujosa correa de alig\u00e1tor azul realza su exclusividad. Una aut\u00e9ntica pieza de coleccionista, que combina innovaci\u00f3n y elegancia.   <span class=\"Apple-converted-space\"> <\/span><\/p>\n","protected":false},"excerpt":{"rendered":"<p>Audemars Piguet Royal Oak Offshore Calendario Perpetuo Platino Una obra maestra s\u00faper exclusiva de la alta relojer\u00eda, este Audemars Piguet 26209PT tiene una caja de platino de 42 mm y una impresionante esfera azul. Accionado por el calibre AP 2326\/2839, ofrece calendario perpetuo, cron\u00f3grafo y fase lunar. La lujosa correa de alig\u00e1tor azul realza su [&hellip;]<\/p>\n","protected":false},"featured_media":4072,"comment_status":"open","ping_status":"closed","template":"","meta":{"_acf_changed":false},"product_brand":[],"product_cat":[53],"product_tag":[],"class_list":{"0":"post-4923","1":"product","2":"type-product","3":"status-publish","4":"has-post-thumbnail","6":"product_cat-audemars-piguet-es","8":"first","9":"instock","10":"shipping-taxable","11":"product-type-simple"},"acf":[],"_links":{"self":[{"href":"https:\/\/rossotime.com\/es\/wp-json\/wp\/v2\/product\/4923","targetHints":{"allow":["GET"]}}],"collection":[{"href":"https:\/\/rossotime.com\/es\/wp-json\/wp\/v2\/product"}],"about":[{"href":"https:\/\/rossotime.com\/es\/wp-json\/wp\/v2\/types\/product"}],"replies":[{"embeddable":true,"href":"https:\/\/rossotime.com\/es\/wp-json\/wp\/v2\/comments?post=4923"}],"wp:featuredmedia":[{"embeddable":true,"href":"https:\/\/rossotime.com\/es\/wp-json\/wp\/v2\/media\/4072"}],"wp:attachment":[{"href":"https:\/\/rossotime.com\/es\/wp-json\/wp\/v2\/media?parent=4923"}],"wp:term":[{"taxonomy":"product_brand","embeddable":true,"href":"https:\/\/rossotime.com\/es\/wp-json\/wp\/v2\/product_brand?post=4923"},{"taxonomy":"product_cat","embeddable":true,"href":"https:\/\/rossotime.com\/es\/wp-json\/wp\/v2\/product_cat?post=4923"},{"taxonomy":"product_tag","embeddable":true,"href":"https:\/\/rossotime.com\/es\/wp-json\/wp\/v2\/product_tag?post=4923"}],"curies":[{"name":"wp","href":"https:\/\/api.w.org\/{rel}","templated":true}]}}