{"id":4919,"date":"2025-04-04T14:23:08","date_gmt":"2025-04-04T14:23:08","guid":{"rendered":"https:\/\/rossotime.com\/shop\/sin%20categor\u00eda\/audemars-piguet-code-11-59-chronograph\/"},"modified":"2026-04-10T12:21:25","modified_gmt":"2026-04-10T12:21:25","slug":"audemars-piguet-code-11-59-chronograph","status":"publish","type":"product","link":"https:\/\/rossotime.com\/es\/shop\/audemars-piguet-es\/audemars-piguet-code-11-59-chronograph\/","title":{"rendered":"Audemars Piguet C\u00f3digo 11.59 Cron\u00f3grafo"},"content":{"rendered":"<p>El Cron\u00f3grafo Audemars Piguet Code 11.59 combina la elegancia atemporal con la artesan\u00eda moderna. Con una caja de oro rosa de 18 quilates, una esfera lacada en azul intenso y un sofisticado movimiento cron\u00f3grafo flyback, este reloj es una aut\u00e9ntica declaraci\u00f3n de lujo y precisi\u00f3n. Un reloj dise\u00f1ado para quienes aprecian la horolog\u00eda de alta gama.<\/p>\n","protected":false},"excerpt":{"rendered":"<p>El Cron\u00f3grafo Audemars Piguet Code 11.59 combina la elegancia atemporal con la artesan\u00eda moderna. Con una caja de oro rosa de 18 quilates, una esfera lacada en azul intenso y un sofisticado movimiento cron\u00f3grafo flyback, este reloj es una aut\u00e9ntica declaraci\u00f3n de lujo y precisi\u00f3n. Un reloj dise\u00f1ado para quienes aprecian la horolog\u00eda de alta [&hellip;]<\/p>\n","protected":false},"featured_media":4395,"comment_status":"open","ping_status":"closed","template":"","meta":{"_acf_changed":false},"product_brand":[],"product_cat":[53],"product_tag":[],"class_list":{"0":"post-4919","1":"product","2":"type-product","3":"status-publish","4":"has-post-thumbnail","6":"product_cat-audemars-piguet-es","8":"first","9":"outofstock","10":"shipping-taxable","11":"product-type-simple"},"acf":[],"_links":{"self":[{"href":"https:\/\/rossotime.com\/es\/wp-json\/wp\/v2\/product\/4919","targetHints":{"allow":["GET"]}}],"collection":[{"href":"https:\/\/rossotime.com\/es\/wp-json\/wp\/v2\/product"}],"about":[{"href":"https:\/\/rossotime.com\/es\/wp-json\/wp\/v2\/types\/product"}],"replies":[{"embeddable":true,"href":"https:\/\/rossotime.com\/es\/wp-json\/wp\/v2\/comments?post=4919"}],"wp:featuredmedia":[{"embeddable":true,"href":"https:\/\/rossotime.com\/es\/wp-json\/wp\/v2\/media\/4395"}],"wp:attachment":[{"href":"https:\/\/rossotime.com\/es\/wp-json\/wp\/v2\/media?parent=4919"}],"wp:term":[{"taxonomy":"product_brand","embeddable":true,"href":"https:\/\/rossotime.com\/es\/wp-json\/wp\/v2\/product_brand?post=4919"},{"taxonomy":"product_cat","embeddable":true,"href":"https:\/\/rossotime.com\/es\/wp-json\/wp\/v2\/product_cat?post=4919"},{"taxonomy":"product_tag","embeddable":true,"href":"https:\/\/rossotime.com\/es\/wp-json\/wp\/v2\/product_tag?post=4919"}],"curies":[{"name":"wp","href":"https:\/\/api.w.org\/{rel}","templated":true}]}}