{"id":4918,"date":"2025-04-04T14:41:36","date_gmt":"2025-04-04T14:41:36","guid":{"rendered":"https:\/\/rossotime.com\/shop\/sin%20categor\u00eda\/patek-philippe-annual-calendar-moonphase\/"},"modified":"2026-04-10T12:21:24","modified_gmt":"2026-04-10T12:21:24","slug":"patek-philippe-annual-calendar-moonphase","status":"publish","type":"product","link":"https:\/\/rossotime.com\/es\/shop\/patek-philippe-es\/patek-philippe-annual-calendar-moonphase\/","title":{"rendered":"Patek Philippe Calendario Anual Fases de la Luna"},"content":{"rendered":"<p>El Patek Philippe Calendario Anual Fases de la Luna encarna el equilibrio perfecto entre tradici\u00f3n e innovaci\u00f3n. Fabricado en oro amarillo de 18 quilates, presenta una elegante esfera color crema con complicaci\u00f3n de calendario anual, indicador de fases lunares e indicador de reserva de marcha. Accionado por el calibre autom\u00e1tico 324 S IRM QA LU, este reloj es una obra maestra de la horolog\u00eda suiza, ideal tanto para coleccionistas como para entusiastas.<\/p>\n<p><span class=\"Apple-converted-space\"> <\/span><\/p>\n","protected":false},"excerpt":{"rendered":"<p>El Patek Philippe Calendario Anual Fases de la Luna encarna el equilibrio perfecto entre tradici\u00f3n e innovaci\u00f3n. Fabricado en oro amarillo de 18 quilates, presenta una elegante esfera color crema con complicaci\u00f3n de calendario anual, indicador de fases lunares e indicador de reserva de marcha. Accionado por el calibre autom\u00e1tico 324 S IRM QA LU, [&hellip;]<\/p>\n","protected":false},"featured_media":4387,"comment_status":"open","ping_status":"closed","template":"","meta":{"_acf_changed":false},"product_brand":[],"product_cat":[52],"product_tag":[],"class_list":{"0":"post-4918","1":"product","2":"type-product","3":"status-publish","4":"has-post-thumbnail","6":"product_cat-patek-philippe-es","8":"first","9":"outofstock","10":"shipping-taxable","11":"product-type-simple"},"acf":[],"_links":{"self":[{"href":"https:\/\/rossotime.com\/es\/wp-json\/wp\/v2\/product\/4918","targetHints":{"allow":["GET"]}}],"collection":[{"href":"https:\/\/rossotime.com\/es\/wp-json\/wp\/v2\/product"}],"about":[{"href":"https:\/\/rossotime.com\/es\/wp-json\/wp\/v2\/types\/product"}],"replies":[{"embeddable":true,"href":"https:\/\/rossotime.com\/es\/wp-json\/wp\/v2\/comments?post=4918"}],"wp:featuredmedia":[{"embeddable":true,"href":"https:\/\/rossotime.com\/es\/wp-json\/wp\/v2\/media\/4387"}],"wp:attachment":[{"href":"https:\/\/rossotime.com\/es\/wp-json\/wp\/v2\/media?parent=4918"}],"wp:term":[{"taxonomy":"product_brand","embeddable":true,"href":"https:\/\/rossotime.com\/es\/wp-json\/wp\/v2\/product_brand?post=4918"},{"taxonomy":"product_cat","embeddable":true,"href":"https:\/\/rossotime.com\/es\/wp-json\/wp\/v2\/product_cat?post=4918"},{"taxonomy":"product_tag","embeddable":true,"href":"https:\/\/rossotime.com\/es\/wp-json\/wp\/v2\/product_tag?post=4918"}],"curies":[{"name":"wp","href":"https:\/\/api.w.org\/{rel}","templated":true}]}}