{"id":4912,"date":"2025-05-05T12:14:16","date_gmt":"2025-05-05T12:14:16","guid":{"rendered":"https:\/\/rossotime.com\/shop\/sin%20categor\u00eda\/audemars-piguet-royal-oak-offshore-chronograph-4\/"},"modified":"2025-11-28T15:36:51","modified_gmt":"2025-11-28T15:36:51","slug":"audemars-piguet-royal-oak-offshore-chronograph-4","status":"publish","type":"product","link":"https:\/\/rossotime.com\/es\/shop\/audemars-piguet-es\/audemars-piguet-royal-oak-offshore-chronograph-4\/","title":{"rendered":"Audemars Piguet Royal Oak Offshore Cron\u00f3grafo"},"content":{"rendered":"<p class=\"p1\"><span class=\"s1\">Libera el esp\u00edritu del automovilismo con el Audemars Piguet Royal Oak Offshore Cron\u00f3grafo, un audaz reloj que fusiona el dise\u00f1o de vanguardia con la maestr\u00eda t\u00e9cnica. Con una robusta caja de acero inoxidable de 44 mm, detalles rojos inspirados en las carreras y el ic\u00f3nico bisel octogonal, este cron\u00f3grafo est\u00e1 hecho para los que lideran con precisi\u00f3n y potencia. La correa de caucho negro con detalles rojos a\u00f1ade un toque deportivo, mientras que el movimiento autom\u00e1tico garantiza el m\u00e1ximo rendimiento. Un reloj hecho para destacar, tanto en la mu\u00f1eca como en la carretera.<\/span><\/p>\n","protected":false},"excerpt":{"rendered":"<p>Libera el esp\u00edritu del automovilismo con el Audemars Piguet Royal Oak Offshore Cron\u00f3grafo, un audaz reloj que fusiona el dise\u00f1o de vanguardia con la maestr\u00eda t\u00e9cnica. Con una robusta caja de acero inoxidable de 44 mm, detalles rojos inspirados en las carreras y el ic\u00f3nico bisel octogonal, este cron\u00f3grafo est\u00e1 hecho para los que lideran [&hellip;]<\/p>\n","protected":false},"featured_media":4603,"comment_status":"open","ping_status":"closed","template":"","meta":{"_acf_changed":false},"product_brand":[],"product_cat":[53],"product_tag":[],"class_list":{"0":"post-4912","1":"product","2":"type-product","3":"status-publish","4":"has-post-thumbnail","6":"product_cat-audemars-piguet-es","8":"first","9":"outofstock","10":"shipping-taxable","11":"product-type-simple"},"acf":[],"_links":{"self":[{"href":"https:\/\/rossotime.com\/es\/wp-json\/wp\/v2\/product\/4912","targetHints":{"allow":["GET"]}}],"collection":[{"href":"https:\/\/rossotime.com\/es\/wp-json\/wp\/v2\/product"}],"about":[{"href":"https:\/\/rossotime.com\/es\/wp-json\/wp\/v2\/types\/product"}],"replies":[{"embeddable":true,"href":"https:\/\/rossotime.com\/es\/wp-json\/wp\/v2\/comments?post=4912"}],"wp:featuredmedia":[{"embeddable":true,"href":"https:\/\/rossotime.com\/es\/wp-json\/wp\/v2\/media\/4603"}],"wp:attachment":[{"href":"https:\/\/rossotime.com\/es\/wp-json\/wp\/v2\/media?parent=4912"}],"wp:term":[{"taxonomy":"product_brand","embeddable":true,"href":"https:\/\/rossotime.com\/es\/wp-json\/wp\/v2\/product_brand?post=4912"},{"taxonomy":"product_cat","embeddable":true,"href":"https:\/\/rossotime.com\/es\/wp-json\/wp\/v2\/product_cat?post=4912"},{"taxonomy":"product_tag","embeddable":true,"href":"https:\/\/rossotime.com\/es\/wp-json\/wp\/v2\/product_tag?post=4912"}],"curies":[{"name":"wp","href":"https:\/\/api.w.org\/{rel}","templated":true}]}}