{"id":4911,"date":"2025-05-05T12:27:04","date_gmt":"2025-05-05T12:27:04","guid":{"rendered":"https:\/\/rossotime.com\/shop\/sin%20categor\u00eda\/audemars-piguet-royal-oak-offshore-volcano\/"},"modified":"2025-11-28T15:36:49","modified_gmt":"2025-11-28T15:36:49","slug":"audemars-piguet-royal-oak-offshore-volcano","status":"publish","type":"product","link":"https:\/\/rossotime.com\/es\/shop\/audemars-piguet-es\/audemars-piguet-royal-oak-offshore-volcano\/","title":{"rendered":"Audemars Piguet Royal Oak Offshore \u00abVolc\u00e1n\u00bb"},"content":{"rendered":"<p class=\"p1\"><span class=\"s1\">Audaz, din\u00e1mico e inconfundiblemente ic\u00f3nico, el Audemars Piguet Royal Oak Offshore \u00abVolcano\u00bb est\u00e1 hecho para los que prosperan con intensidad. Con su llamativa combinaci\u00f3n de colores negro y naranja, este cron\u00f3grafo fusiona la ingenier\u00eda suiza de alto rendimiento con un dise\u00f1o cargado de adrenalina. Alojado en una caja de acero inoxidable de 42 mm e impulsado por el famoso movimiento autom\u00e1tico de AP, es m\u00e1s que un reloj: es una declaraci\u00f3n. Ya sea en la mu\u00f1eca de un coleccionista o de un entusiasta de la velocidad y el estilo, el Volcano domina cada segundo que recorre.<\/span><\/p>\n","protected":false},"excerpt":{"rendered":"<p>Audaz, din\u00e1mico e inconfundiblemente ic\u00f3nico, el Audemars Piguet Royal Oak Offshore \u00abVolcano\u00bb est\u00e1 hecho para los que prosperan con intensidad. Con su llamativa combinaci\u00f3n de colores negro y naranja, este cron\u00f3grafo fusiona la ingenier\u00eda suiza de alto rendimiento con un dise\u00f1o cargado de adrenalina. Alojado en una caja de acero inoxidable de 42 mm e [&hellip;]<\/p>\n","protected":false},"featured_media":4612,"comment_status":"open","ping_status":"closed","template":"","meta":{"_acf_changed":false},"product_brand":[],"product_cat":[53],"product_tag":[],"class_list":{"0":"post-4911","1":"product","2":"type-product","3":"status-publish","4":"has-post-thumbnail","6":"product_cat-audemars-piguet-es","8":"first","9":"outofstock","10":"shipping-taxable","11":"product-type-simple"},"acf":[],"_links":{"self":[{"href":"https:\/\/rossotime.com\/es\/wp-json\/wp\/v2\/product\/4911","targetHints":{"allow":["GET"]}}],"collection":[{"href":"https:\/\/rossotime.com\/es\/wp-json\/wp\/v2\/product"}],"about":[{"href":"https:\/\/rossotime.com\/es\/wp-json\/wp\/v2\/types\/product"}],"replies":[{"embeddable":true,"href":"https:\/\/rossotime.com\/es\/wp-json\/wp\/v2\/comments?post=4911"}],"wp:featuredmedia":[{"embeddable":true,"href":"https:\/\/rossotime.com\/es\/wp-json\/wp\/v2\/media\/4612"}],"wp:attachment":[{"href":"https:\/\/rossotime.com\/es\/wp-json\/wp\/v2\/media?parent=4911"}],"wp:term":[{"taxonomy":"product_brand","embeddable":true,"href":"https:\/\/rossotime.com\/es\/wp-json\/wp\/v2\/product_brand?post=4911"},{"taxonomy":"product_cat","embeddable":true,"href":"https:\/\/rossotime.com\/es\/wp-json\/wp\/v2\/product_cat?post=4911"},{"taxonomy":"product_tag","embeddable":true,"href":"https:\/\/rossotime.com\/es\/wp-json\/wp\/v2\/product_tag?post=4911"}],"curies":[{"name":"wp","href":"https:\/\/api.w.org\/{rel}","templated":true}]}}