{"id":4909,"date":"2025-05-05T14:26:14","date_gmt":"2025-05-05T14:26:14","guid":{"rendered":"https:\/\/rossotime.com\/shop\/sin%20categor\u00eda\/patek-philippe-world-time\/"},"modified":"2026-03-30T08:55:09","modified_gmt":"2026-03-30T08:55:09","slug":"patek-philippe-world-time","status":"publish","type":"product","link":"https:\/\/rossotime.com\/es\/shop\/patek-philippe-es\/patek-philippe-world-time\/","title":{"rendered":"Patek Philippe Hora Mundial"},"content":{"rendered":"<table style=\"height: 266px;\" width=\"1035\">\n<tbody>\n<tr>\n<td class=\"p-r-sm-2\">\n<div><span class=\"js-watch-notes word-break\">Un reloj extraordinario para coleccionistas: el Patek Philippe 5231J-001 Hora Mundial de oro amarillo de 18 quilates.<br \/>\nEste modelo presenta una impresionante esfera de esmalte cloisonn\u00e9 con un mapamundi de Europa, Asia y \u00c1frica, hecho a mano mediante raras t\u00e9cnicas artesanales.<br \/>\nLa elegante caja de 38,5 mm alberga el calibre autom\u00e1tico ultrafino 240 HU, que ofrece una funci\u00f3n de hora mundial sin fisuras.<br \/>\nLos 24 husos horarios pueden leerse de un vistazo y ajustarse f\u00e1cilmente mediante el pulsador situado a las 10 horas.<br \/>\nC\u00e1lida caja de oro amarillo combinada con una correa de alig\u00e1tor marr\u00f3n para una sofisticaci\u00f3n cl\u00e1sica.<br \/>\nMuy buscada por los coleccionistas por su producci\u00f3n limitada y su intrincado arte esmaltado.<br \/>\nUna verdadera expresi\u00f3n de la tradici\u00f3n de Patek Philippe en relojes mundiales .<\/span><\/div>\n<\/td>\n<\/tr>\n<\/tbody>\n<\/table>\n","protected":false},"excerpt":{"rendered":"<p>Un reloj extraordinario para coleccionistas: el Patek Philippe 5231J-001 Hora Mundial de oro amarillo de 18 quilates. Este modelo presenta una impresionante esfera de esmalte cloisonn\u00e9 con un mapamundi de Europa, Asia y \u00c1frica, hecho a mano mediante raras t\u00e9cnicas artesanales. La elegante caja de 38,5 mm alberga el calibre autom\u00e1tico ultrafino 240 HU, que [&hellip;]<\/p>\n","protected":false},"featured_media":4646,"comment_status":"open","ping_status":"closed","template":"","meta":{"_acf_changed":false},"product_brand":[],"product_cat":[52],"product_tag":[],"class_list":{"0":"post-4909","1":"product","2":"type-product","3":"status-publish","4":"has-post-thumbnail","6":"product_cat-patek-philippe-es","8":"first","9":"outofstock","10":"shipping-taxable","11":"purchasable","12":"product-type-simple"},"acf":[],"_links":{"self":[{"href":"https:\/\/rossotime.com\/es\/wp-json\/wp\/v2\/product\/4909","targetHints":{"allow":["GET"]}}],"collection":[{"href":"https:\/\/rossotime.com\/es\/wp-json\/wp\/v2\/product"}],"about":[{"href":"https:\/\/rossotime.com\/es\/wp-json\/wp\/v2\/types\/product"}],"replies":[{"embeddable":true,"href":"https:\/\/rossotime.com\/es\/wp-json\/wp\/v2\/comments?post=4909"}],"wp:featuredmedia":[{"embeddable":true,"href":"https:\/\/rossotime.com\/es\/wp-json\/wp\/v2\/media\/4646"}],"wp:attachment":[{"href":"https:\/\/rossotime.com\/es\/wp-json\/wp\/v2\/media?parent=4909"}],"wp:term":[{"taxonomy":"product_brand","embeddable":true,"href":"https:\/\/rossotime.com\/es\/wp-json\/wp\/v2\/product_brand?post=4909"},{"taxonomy":"product_cat","embeddable":true,"href":"https:\/\/rossotime.com\/es\/wp-json\/wp\/v2\/product_cat?post=4909"},{"taxonomy":"product_tag","embeddable":true,"href":"https:\/\/rossotime.com\/es\/wp-json\/wp\/v2\/product_tag?post=4909"}],"curies":[{"name":"wp","href":"https:\/\/api.w.org\/{rel}","templated":true}]}}