{"id":4908,"date":"2025-07-16T13:37:44","date_gmt":"2025-07-16T13:37:44","guid":{"rendered":"https:\/\/rossotime.com\/shop\/sin%20categor\u00eda\/rolex-daytona-orange-sapphire\/"},"modified":"2026-03-30T08:52:18","modified_gmt":"2026-03-30T08:52:18","slug":"rolex-daytona-orange-sapphire","status":"publish","type":"product","link":"https:\/\/rossotime.com\/es\/shop\/rolex-es\/rolex-daytona-orange-sapphire\/","title":{"rendered":"Rolex Daytona Zafiro Naranja"},"content":{"rendered":"<p>El Rolex Daytona Zafiro Naranja 116578SACO es una sorprendente fusi\u00f3n de alto rendimiento y lujo vibrante. Fabricada en oro amarillo de 18 quilates y coronada con un bisel engastado con zafiros de color naranja vivo, atrae todas las miradas. <\/p>\n<p>Impulsado por el Calibre Rolex 4130, este cron\u00f3grafo ofrece precisi\u00f3n y resistencia, fiel al legado del Daytona. Ya sea en la pista o en un evento exclusivo, es un reloj que no s\u00f3lo da la hora, sino que la define. <\/p>\n","protected":false},"excerpt":{"rendered":"<p>El Rolex Daytona Zafiro Naranja 116578SACO es una sorprendente fusi\u00f3n de alto rendimiento y lujo vibrante. Fabricada en oro amarillo de 18 quilates y coronada con un bisel engastado con zafiros de color naranja vivo, atrae todas las miradas. Impulsado por el Calibre Rolex 4130, este cron\u00f3grafo ofrece precisi\u00f3n y resistencia, fiel al legado del [&hellip;]<\/p>\n","protected":false},"featured_media":4654,"comment_status":"open","ping_status":"closed","template":"","meta":{"_acf_changed":false},"product_brand":[],"product_cat":[54],"product_tag":[89,90],"class_list":{"0":"post-4908","1":"product","2":"type-product","3":"status-publish","4":"has-post-thumbnail","6":"product_cat-rolex-es","7":"product_tag-rolexdaytona-es","8":"product_tag-rolexdaytonaorangesapphire-es","10":"first","11":"outofstock","12":"shipping-taxable","13":"purchasable","14":"product-type-simple"},"acf":[],"_links":{"self":[{"href":"https:\/\/rossotime.com\/es\/wp-json\/wp\/v2\/product\/4908","targetHints":{"allow":["GET"]}}],"collection":[{"href":"https:\/\/rossotime.com\/es\/wp-json\/wp\/v2\/product"}],"about":[{"href":"https:\/\/rossotime.com\/es\/wp-json\/wp\/v2\/types\/product"}],"replies":[{"embeddable":true,"href":"https:\/\/rossotime.com\/es\/wp-json\/wp\/v2\/comments?post=4908"}],"wp:featuredmedia":[{"embeddable":true,"href":"https:\/\/rossotime.com\/es\/wp-json\/wp\/v2\/media\/4654"}],"wp:attachment":[{"href":"https:\/\/rossotime.com\/es\/wp-json\/wp\/v2\/media?parent=4908"}],"wp:term":[{"taxonomy":"product_brand","embeddable":true,"href":"https:\/\/rossotime.com\/es\/wp-json\/wp\/v2\/product_brand?post=4908"},{"taxonomy":"product_cat","embeddable":true,"href":"https:\/\/rossotime.com\/es\/wp-json\/wp\/v2\/product_cat?post=4908"},{"taxonomy":"product_tag","embeddable":true,"href":"https:\/\/rossotime.com\/es\/wp-json\/wp\/v2\/product_tag?post=4908"}],"curies":[{"name":"wp","href":"https:\/\/api.w.org\/{rel}","templated":true}]}}