{"id":4906,"date":"2024-02-25T17:19:22","date_gmt":"2024-02-25T17:19:22","guid":{"rendered":"https:\/\/rossotime.com\/shop\/sin%20categor\u00eda\/rolex-oyster-perpetual\/"},"modified":"2025-11-28T16:00:45","modified_gmt":"2025-11-28T16:00:45","slug":"rolex-oyster-perpetual","status":"publish","type":"product","link":"https:\/\/rossotime.com\/es\/shop\/rolex-es\/rolex-oyster-perpetual\/","title":{"rendered":"Rolex Oyster Perpetual &#8211; Daytona"},"content":{"rendered":"<p>El Rolex Daytona 116519 es la encarnaci\u00f3n del lujo discreto y la ingenier\u00eda magistral.<br \/>\nRevestido de oro blanco de 18 ct, su silueta es a la vez poderosa y refinada, un equilibrio perfecto de herencia y sofisticaci\u00f3n.<br \/>\nEn su coraz\u00f3n late el Calibre 4130 de Rolex, un movimiento de cron\u00f3grafo famoso por su precisi\u00f3n impecable, su robusto rendimiento y una reserva de marcha de 72 horas que habla de la excelencia duradera.<br \/>\nCada elemento, desde el bisel taquim\u00e9trico elegantemente grabado hasta la flexible correa de piel, refleja la inquebrantable b\u00fasqueda de la perfecci\u00f3n por parte de Rolex.<\/p>\n","protected":false},"excerpt":{"rendered":"<p>El Rolex Daytona 116519 es la encarnaci\u00f3n del lujo discreto y la ingenier\u00eda magistral. Revestido de oro blanco de 18 ct, su silueta es a la vez poderosa y refinada, un equilibrio perfecto de herencia y sofisticaci\u00f3n. En su coraz\u00f3n late el Calibre 4130 de Rolex, un movimiento de cron\u00f3grafo famoso por su precisi\u00f3n impecable, [&hellip;]<\/p>\n","protected":false},"featured_media":4739,"comment_status":"open","ping_status":"closed","template":"","meta":{"_acf_changed":false},"product_brand":[],"product_cat":[54],"product_tag":[86],"class_list":{"0":"post-4906","1":"product","2":"type-product","3":"status-publish","4":"has-post-thumbnail","6":"product_cat-rolex-es","7":"product_tag-rolex-oyster-perpetual-es","9":"first","10":"instock","11":"shipping-taxable","12":"purchasable","13":"product-type-simple"},"acf":[],"_links":{"self":[{"href":"https:\/\/rossotime.com\/es\/wp-json\/wp\/v2\/product\/4906","targetHints":{"allow":["GET"]}}],"collection":[{"href":"https:\/\/rossotime.com\/es\/wp-json\/wp\/v2\/product"}],"about":[{"href":"https:\/\/rossotime.com\/es\/wp-json\/wp\/v2\/types\/product"}],"replies":[{"embeddable":true,"href":"https:\/\/rossotime.com\/es\/wp-json\/wp\/v2\/comments?post=4906"}],"wp:featuredmedia":[{"embeddable":true,"href":"https:\/\/rossotime.com\/es\/wp-json\/wp\/v2\/media\/4739"}],"wp:attachment":[{"href":"https:\/\/rossotime.com\/es\/wp-json\/wp\/v2\/media?parent=4906"}],"wp:term":[{"taxonomy":"product_brand","embeddable":true,"href":"https:\/\/rossotime.com\/es\/wp-json\/wp\/v2\/product_brand?post=4906"},{"taxonomy":"product_cat","embeddable":true,"href":"https:\/\/rossotime.com\/es\/wp-json\/wp\/v2\/product_cat?post=4906"},{"taxonomy":"product_tag","embeddable":true,"href":"https:\/\/rossotime.com\/es\/wp-json\/wp\/v2\/product_tag?post=4906"}],"curies":[{"name":"wp","href":"https:\/\/api.w.org\/{rel}","templated":true}]}}