{"id":4905,"date":"2025-10-08T10:50:15","date_gmt":"2025-10-08T10:50:15","guid":{"rendered":"https:\/\/rossotime.com\/shop\/sin%20categor\u00eda\/audemars-piguet-royal-oak-offshore-2\/"},"modified":"2025-11-28T15:37:05","modified_gmt":"2025-11-28T15:37:05","slug":"audemars-piguet-royal-oak-offshore-2","status":"publish","type":"product","link":"https:\/\/rossotime.com\/es\/shop\/audemars-piguet-es\/audemars-piguet-royal-oak-offshore-2\/","title":{"rendered":"Audemars Piguet &#8211; Royal Oak Offshore"},"content":{"rendered":"<p>Este 26420SO, una audaz reinterpretaci\u00f3n del ic\u00f3nico Offshore, presenta una caja de acero inoxidable de 43 mm con un bisel de cer\u00e1mica negra y una esfera \u00abM\u00e9ga Tapisserie\u00bb de color negro intenso. Equipado con el calibre interno 4401 de AP, ofrece funci\u00f3n de cron\u00f3grafo flyback, fecha y una reserva de marcha de 70 horas. Acabado con una correa de caucho negro y el sistema de cambio r\u00e1pido de AP, se trata de un reloj moderno y musculoso, dise\u00f1ado para ofrecer rendimiento y presencia.  <\/p>\n","protected":false},"excerpt":{"rendered":"<p>Este 26420SO, una audaz reinterpretaci\u00f3n del ic\u00f3nico Offshore, presenta una caja de acero inoxidable de 43 mm con un bisel de cer\u00e1mica negra y una esfera \u00abM\u00e9ga Tapisserie\u00bb de color negro intenso. Equipado con el calibre interno 4401 de AP, ofrece funci\u00f3n de cron\u00f3grafo flyback, fecha y una reserva de marcha de 70 horas. Acabado [&hellip;]<\/p>\n","protected":false},"featured_media":4782,"comment_status":"open","ping_status":"closed","template":"","meta":{"_acf_changed":false},"product_brand":[],"product_cat":[53],"product_tag":[87],"class_list":{"0":"post-4905","1":"product","2":"type-product","3":"status-publish","4":"has-post-thumbnail","6":"product_cat-audemars-piguet-es","7":"product_tag-audemarspiguet-es","9":"first","10":"instock","11":"shipping-taxable","12":"purchasable","13":"product-type-simple"},"acf":[],"_links":{"self":[{"href":"https:\/\/rossotime.com\/es\/wp-json\/wp\/v2\/product\/4905","targetHints":{"allow":["GET"]}}],"collection":[{"href":"https:\/\/rossotime.com\/es\/wp-json\/wp\/v2\/product"}],"about":[{"href":"https:\/\/rossotime.com\/es\/wp-json\/wp\/v2\/types\/product"}],"replies":[{"embeddable":true,"href":"https:\/\/rossotime.com\/es\/wp-json\/wp\/v2\/comments?post=4905"}],"wp:featuredmedia":[{"embeddable":true,"href":"https:\/\/rossotime.com\/es\/wp-json\/wp\/v2\/media\/4782"}],"wp:attachment":[{"href":"https:\/\/rossotime.com\/es\/wp-json\/wp\/v2\/media?parent=4905"}],"wp:term":[{"taxonomy":"product_brand","embeddable":true,"href":"https:\/\/rossotime.com\/es\/wp-json\/wp\/v2\/product_brand?post=4905"},{"taxonomy":"product_cat","embeddable":true,"href":"https:\/\/rossotime.com\/es\/wp-json\/wp\/v2\/product_cat?post=4905"},{"taxonomy":"product_tag","embeddable":true,"href":"https:\/\/rossotime.com\/es\/wp-json\/wp\/v2\/product_tag?post=4905"}],"curies":[{"name":"wp","href":"https:\/\/api.w.org\/{rel}","templated":true}]}}