{"id":4904,"date":"2025-10-28T12:48:45","date_gmt":"2025-10-28T12:48:45","guid":{"rendered":"https:\/\/rossotime.com\/shop\/sin%20categor\u00eda\/rolex-oyster-perpetual-cosmograph-daytona\/"},"modified":"2026-04-08T10:30:55","modified_gmt":"2026-04-08T10:30:55","slug":"rolex-oyster-perpetual-cosmograph-daytona","status":"publish","type":"product","link":"https:\/\/rossotime.com\/es\/shop\/rolex-es\/rolex-oyster-perpetual-cosmograph-daytona\/","title":{"rendered":"Rolex Oyster Perpetual Cosmograph Daytona"},"content":{"rendered":"<p>  El Rolex Daytona 126500LN es una expresi\u00f3n moderna de precisi\u00f3n y rendimiento. Fabricada con acero Oystersteel duradero, combina resistencia con un dise\u00f1o limpio y atemporal. El bisel Cerachrom negro, grabado con una escala taquim\u00e9trica, confiere al reloj un aspecto atrevido y contempor\u00e1neo. En su interior, el nuevo movimiento Calibre 4131 ofrece una precisi\u00f3n extraordinaria y una reserva de marcha de 72 horas, fabricado para satisfacer los m\u00e1s altos niveles de fiabilidad. Con su caja pulida, sus l\u00edneas suaves y su s\u00f3lido brazalete Oyster, el 126500LN est\u00e1 hecho para quienes aprecian la excelencia en cada detalle.<\/p>\n","protected":false},"excerpt":{"rendered":"<p>El Rolex Daytona 126500LN es una expresi\u00f3n moderna de precisi\u00f3n y rendimiento. Fabricada con acero Oystersteel duradero, combina resistencia con un dise\u00f1o limpio y atemporal. El bisel Cerachrom negro, grabado con una escala taquim\u00e9trica, confiere al reloj un aspecto atrevido y contempor\u00e1neo. En su interior, el nuevo movimiento Calibre 4131 ofrece una precisi\u00f3n extraordinaria y [&hellip;]<\/p>\n","protected":false},"featured_media":4787,"comment_status":"open","ping_status":"closed","template":"","meta":{"_acf_changed":false},"product_brand":[],"product_cat":[54],"product_tag":[86],"class_list":{"0":"post-4904","1":"product","2":"type-product","3":"status-publish","4":"has-post-thumbnail","6":"product_cat-rolex-es","7":"product_tag-rolex-oyster-perpetual-es","9":"first","10":"outofstock","11":"shipping-taxable","12":"purchasable","13":"product-type-simple"},"acf":[],"_links":{"self":[{"href":"https:\/\/rossotime.com\/es\/wp-json\/wp\/v2\/product\/4904","targetHints":{"allow":["GET"]}}],"collection":[{"href":"https:\/\/rossotime.com\/es\/wp-json\/wp\/v2\/product"}],"about":[{"href":"https:\/\/rossotime.com\/es\/wp-json\/wp\/v2\/types\/product"}],"replies":[{"embeddable":true,"href":"https:\/\/rossotime.com\/es\/wp-json\/wp\/v2\/comments?post=4904"}],"wp:featuredmedia":[{"embeddable":true,"href":"https:\/\/rossotime.com\/es\/wp-json\/wp\/v2\/media\/4787"}],"wp:attachment":[{"href":"https:\/\/rossotime.com\/es\/wp-json\/wp\/v2\/media?parent=4904"}],"wp:term":[{"taxonomy":"product_brand","embeddable":true,"href":"https:\/\/rossotime.com\/es\/wp-json\/wp\/v2\/product_brand?post=4904"},{"taxonomy":"product_cat","embeddable":true,"href":"https:\/\/rossotime.com\/es\/wp-json\/wp\/v2\/product_cat?post=4904"},{"taxonomy":"product_tag","embeddable":true,"href":"https:\/\/rossotime.com\/es\/wp-json\/wp\/v2\/product_tag?post=4904"}],"curies":[{"name":"wp","href":"https:\/\/api.w.org\/{rel}","templated":true}]}}