{"id":2811,"date":"2024-10-31T13:28:47","date_gmt":"2024-10-31T13:28:47","guid":{"rendered":"https:\/\/rossotime.com\/?post_type=product&#038;p=2811"},"modified":"2024-10-31T13:39:16","modified_gmt":"2024-10-31T13:39:16","slug":"audemars-piguet-royal-oak-offshore-chronograph-michael-schumacher-edition","status":"publish","type":"product","link":"https:\/\/rossotime.com\/es\/shop\/audemars-piguet-es\/audemars-piguet-royal-oak-offshore-chronograph-michael-schumacher-edition\/","title":{"rendered":"Audemars Piguet Royal Oak Offshore Chronograph &#8211; Michael Schumacher edition"},"content":{"rendered":"<p>El <i>Audemars Piguet Royal Oak Offshore Chronograph Michael Schumacher Edition<\/i> es una joya de alta relojer\u00eda que rinde homenaje al legendario piloto de F\u00f3rmula 1. Este modelo exclusivo combina a la perfecci\u00f3n ingenier\u00eda de precisi\u00f3n y dise\u00f1o innovador, como es caracter\u00edstico en Audemars Piguet, junto con la esencia de velocidad y excelencia de Schumacher.<\/p>\n<p>Con una caja robusta de 44 mm en titanio, detalles en cer\u00e1mica y acentos en oro, este cron\u00f3grafo refleja un estilo deportivo sin comprometer la elegancia. Sus subesferas estrat\u00e9gicamente colocadas, bisel octogonal ic\u00f3nico y la correa de caucho ajustable completan un dise\u00f1o tanto audaz como funcional. Adem\u00e1s, cada pieza cuenta con un detalle \u00fanico de tachuelas que simulan los tornillos de una rueda, en homenaje a la rapidez y precisi\u00f3n de los circuitos de F\u00f3rmula 1.<\/p>\n","protected":false},"excerpt":{"rendered":"<p>El Audemars Piguet Royal Oak Offshore Chronograph Michael Schumacher Edition es una joya de alta relojer\u00eda que rinde homenaje al legendario piloto de F\u00f3rmula 1. Este modelo exclusivo combina a la perfecci\u00f3n ingenier\u00eda de precisi\u00f3n y dise\u00f1o innovador, como es caracter\u00edstico en Audemars Piguet, junto con la esencia de velocidad y excelencia de Schumacher. Con [&hellip;]<\/p>\n","protected":false},"featured_media":2813,"comment_status":"open","ping_status":"closed","template":"","meta":{"_acf_changed":false},"product_brand":[],"product_cat":[53],"product_tag":[],"class_list":{"0":"post-2811","1":"product","2":"type-product","3":"status-publish","4":"has-post-thumbnail","6":"product_cat-audemars-piguet-es","8":"first","9":"outofstock","10":"shipping-taxable","11":"product-type-simple"},"acf":[],"_links":{"self":[{"href":"https:\/\/rossotime.com\/es\/wp-json\/wp\/v2\/product\/2811","targetHints":{"allow":["GET"]}}],"collection":[{"href":"https:\/\/rossotime.com\/es\/wp-json\/wp\/v2\/product"}],"about":[{"href":"https:\/\/rossotime.com\/es\/wp-json\/wp\/v2\/types\/product"}],"replies":[{"embeddable":true,"href":"https:\/\/rossotime.com\/es\/wp-json\/wp\/v2\/comments?post=2811"}],"wp:featuredmedia":[{"embeddable":true,"href":"https:\/\/rossotime.com\/es\/wp-json\/wp\/v2\/media\/2813"}],"wp:attachment":[{"href":"https:\/\/rossotime.com\/es\/wp-json\/wp\/v2\/media?parent=2811"}],"wp:term":[{"taxonomy":"product_brand","embeddable":true,"href":"https:\/\/rossotime.com\/es\/wp-json\/wp\/v2\/product_brand?post=2811"},{"taxonomy":"product_cat","embeddable":true,"href":"https:\/\/rossotime.com\/es\/wp-json\/wp\/v2\/product_cat?post=2811"},{"taxonomy":"product_tag","embeddable":true,"href":"https:\/\/rossotime.com\/es\/wp-json\/wp\/v2\/product_tag?post=2811"}],"curies":[{"name":"wp","href":"https:\/\/api.w.org\/{rel}","templated":true}]}}