{"id":2414,"date":"2024-09-16T09:31:47","date_gmt":"2024-09-16T09:31:47","guid":{"rendered":"https:\/\/rossotime.com\/?post_type=product&#038;p=2414"},"modified":"2024-10-11T10:36:45","modified_gmt":"2024-10-11T10:36:45","slug":"royal-oak-offshore-barrichello","status":"publish","type":"product","link":"https:\/\/rossotime.com\/es\/shop\/audemars-piguet-es\/royal-oak-offshore-barrichello\/","title":{"rendered":"Audemars Piguet Royal Oak Offshore Chronograph"},"content":{"rendered":"<p>Descubre el Audemars Piguet Royal Oak Offshore Chronograph Edici\u00f3n Rubens Barrichello, una obra maestra que combina el prestigio de la relojer\u00eda suiza con el esp\u00edritu competitivo de la F\u00f3rmula 1. Inspirado en el legendario piloto Rubens Barrichello, este exclusivo cron\u00f3grafo es una fusi\u00f3n perfecta de innovaci\u00f3n, precisi\u00f3n y dise\u00f1o vanguardista.\u00a0Con una caja robusta de 44 mm fabricada en titanio, los\u00a0pulsadores y corona de cer\u00e1mica negra, inspirados en los controles de un monoplaza, este reloj destaca por sus l\u00edneas audaces y detalles que evocan la est\u00e9tica de los coches de carreras.<\/p>\n<p>Esta edici\u00f3n limitada rinde homenaje a la excelencia en el deporte y la alta relojer\u00eda, siendo una pieza \u00fanica entre las 1.000 \u00a0producidas en todo el mundo. Cada reloj viene numerado y firmado, asegurando su valor a lo largo del tiempo.<\/p>\n","protected":false},"excerpt":{"rendered":"<p>Descubre el Audemars Piguet Royal Oak Offshore Chronograph Edici\u00f3n Rubens Barrichello, una obra maestra que combina el prestigio de la relojer\u00eda suiza con el esp\u00edritu competitivo de la F\u00f3rmula 1. Inspirado en el legendario piloto Rubens Barrichello, este exclusivo cron\u00f3grafo es una fusi\u00f3n perfecta de innovaci\u00f3n, precisi\u00f3n y dise\u00f1o vanguardista.\u00a0Con una caja robusta de 44 [&hellip;]<\/p>\n","protected":false},"featured_media":2465,"comment_status":"open","ping_status":"closed","template":"","meta":{"_acf_changed":false},"product_brand":[],"product_cat":[53],"product_tag":[],"class_list":{"0":"post-2414","1":"product","2":"type-product","3":"status-publish","4":"has-post-thumbnail","6":"product_cat-audemars-piguet-es","8":"first","9":"instock","10":"shipping-taxable","11":"product-type-simple"},"acf":[],"_links":{"self":[{"href":"https:\/\/rossotime.com\/es\/wp-json\/wp\/v2\/product\/2414","targetHints":{"allow":["GET"]}}],"collection":[{"href":"https:\/\/rossotime.com\/es\/wp-json\/wp\/v2\/product"}],"about":[{"href":"https:\/\/rossotime.com\/es\/wp-json\/wp\/v2\/types\/product"}],"replies":[{"embeddable":true,"href":"https:\/\/rossotime.com\/es\/wp-json\/wp\/v2\/comments?post=2414"}],"wp:featuredmedia":[{"embeddable":true,"href":"https:\/\/rossotime.com\/es\/wp-json\/wp\/v2\/media\/2465"}],"wp:attachment":[{"href":"https:\/\/rossotime.com\/es\/wp-json\/wp\/v2\/media?parent=2414"}],"wp:term":[{"taxonomy":"product_brand","embeddable":true,"href":"https:\/\/rossotime.com\/es\/wp-json\/wp\/v2\/product_brand?post=2414"},{"taxonomy":"product_cat","embeddable":true,"href":"https:\/\/rossotime.com\/es\/wp-json\/wp\/v2\/product_cat?post=2414"},{"taxonomy":"product_tag","embeddable":true,"href":"https:\/\/rossotime.com\/es\/wp-json\/wp\/v2\/product_tag?post=2414"}],"curies":[{"name":"wp","href":"https:\/\/api.w.org\/{rel}","templated":true}]}}