{"id":2160,"date":"2023-11-14T01:53:20","date_gmt":"2023-11-14T01:53:20","guid":{"rendered":"https:\/\/rossotime.com\/shop\/uncategorized\/deepsea-blue\/"},"modified":"2026-03-30T09:05:34","modified_gmt":"2026-03-30T09:05:34","slug":"deepsea-blue","status":"publish","type":"product","link":"https:\/\/rossotime.com\/es\/shop\/rolex-es\/deepsea-blue\/","title":{"rendered":"Deep sea Blue"},"content":{"rendered":"<p><strong>\u00a0\u00a1Desaf\u00ede lo imposible! <\/strong><\/p>\n<p>Con su caja de 44 mm, combina un grueso cristal de zafiro ligeramente abombado, un anillo de compresi\u00f3n de acero enriquecido con nitr\u00f3geno y un fondo de caja de titanio RLX. Este dispositivo permite al reloj soportar presiones submarinas hasta profundidades de 3900 metros. <\/p>\n<p>Para contrarrestar la oscuridad total que reina en las profundidades de los oc\u00e9anos, la esfera D-blue del Rolex Deepsea incorpora la indicaci\u00f3n Chromalight. Utiliza un material luminiscente \u00fanico que facilita la lectura de la hora en las profundidades m\u00e1s oscuras.<\/p>\n","protected":false},"excerpt":{"rendered":"<p>\u00a0\u00a1Desaf\u00ede lo imposible! Con su caja de 44 mm, combina un grueso cristal de zafiro ligeramente abombado, un anillo de compresi\u00f3n de acero enriquecido con nitr\u00f3geno y un fondo de caja de titanio RLX. Este dispositivo permite al reloj soportar presiones submarinas hasta profundidades de 3900 metros. Para contrarrestar la oscuridad total que reina en [&hellip;]<\/p>\n","protected":false},"featured_media":2089,"comment_status":"open","ping_status":"closed","template":"","meta":{"_acf_changed":false},"product_brand":[],"product_cat":[54],"product_tag":[],"class_list":{"0":"post-2160","1":"product","2":"type-product","3":"status-publish","4":"has-post-thumbnail","6":"product_cat-rolex-es","8":"first","9":"instock","10":"shipping-taxable","11":"purchasable","12":"product-type-simple"},"acf":[],"_links":{"self":[{"href":"https:\/\/rossotime.com\/es\/wp-json\/wp\/v2\/product\/2160","targetHints":{"allow":["GET"]}}],"collection":[{"href":"https:\/\/rossotime.com\/es\/wp-json\/wp\/v2\/product"}],"about":[{"href":"https:\/\/rossotime.com\/es\/wp-json\/wp\/v2\/types\/product"}],"replies":[{"embeddable":true,"href":"https:\/\/rossotime.com\/es\/wp-json\/wp\/v2\/comments?post=2160"}],"wp:featuredmedia":[{"embeddable":true,"href":"https:\/\/rossotime.com\/es\/wp-json\/wp\/v2\/media\/2089"}],"wp:attachment":[{"href":"https:\/\/rossotime.com\/es\/wp-json\/wp\/v2\/media?parent=2160"}],"wp:term":[{"taxonomy":"product_brand","embeddable":true,"href":"https:\/\/rossotime.com\/es\/wp-json\/wp\/v2\/product_brand?post=2160"},{"taxonomy":"product_cat","embeddable":true,"href":"https:\/\/rossotime.com\/es\/wp-json\/wp\/v2\/product_cat?post=2160"},{"taxonomy":"product_tag","embeddable":true,"href":"https:\/\/rossotime.com\/es\/wp-json\/wp\/v2\/product_tag?post=2160"}],"curies":[{"name":"wp","href":"https:\/\/api.w.org\/{rel}","templated":true}]}}