{"id":2159,"date":"2023-11-22T17:09:47","date_gmt":"2023-11-22T17:09:47","guid":{"rendered":"https:\/\/rossotime.com\/shop\/uncategorized\/rolex-gmt-master-ii\/"},"modified":"2025-11-28T15:41:30","modified_gmt":"2025-11-28T15:41:30","slug":"rolex-gmt-master-ii","status":"publish","type":"product","link":"https:\/\/rossotime.com\/es\/shop\/rolex-es\/rolex-gmt-master-ii\/","title":{"rendered":"Rolex GMT Master II"},"content":{"rendered":"<p>Rolex Gmt Master II. Como nuevo. Caja y documentaci\u00f3n (2023). Caja de acero inoxidable, di\u00e1metro 40 mm. Brazalete Oyster de acero inoxidable. Movimiento autom\u00e1tico, calibre 3186. Cristal de zafiro, esfera negra sin n\u00fameros. Resistente al agua 10ATM.       <\/p>\n<p>Funci\u00f3n: Fecha y GMT<\/p>\n","protected":false},"excerpt":{"rendered":"<p>Rolex Gmt Master II. Como nuevo. Caja y documentaci\u00f3n (2023). Caja de acero inoxidable, di\u00e1metro 40 mm. Brazalete Oyster de acero inoxidable. Movimiento autom\u00e1tico, calibre 3186. Cristal de zafiro, esfera negra sin n\u00fameros. Resistente al agua 10ATM.       <\/p>\n<p>Funci\u00f3n: Fecha y GMT<\/p>\n","protected":false},"featured_media":2098,"comment_status":"open","ping_status":"closed","template":"","meta":{"_acf_changed":false},"product_brand":[],"product_cat":[54],"product_tag":[],"class_list":{"0":"post-2159","1":"product","2":"type-product","3":"status-publish","4":"has-post-thumbnail","6":"product_cat-rolex-es","8":"first","9":"outofstock","10":"shipping-taxable","11":"product-type-simple"},"acf":[],"_links":{"self":[{"href":"https:\/\/rossotime.com\/es\/wp-json\/wp\/v2\/product\/2159","targetHints":{"allow":["GET"]}}],"collection":[{"href":"https:\/\/rossotime.com\/es\/wp-json\/wp\/v2\/product"}],"about":[{"href":"https:\/\/rossotime.com\/es\/wp-json\/wp\/v2\/types\/product"}],"replies":[{"embeddable":true,"href":"https:\/\/rossotime.com\/es\/wp-json\/wp\/v2\/comments?post=2159"}],"wp:featuredmedia":[{"embeddable":true,"href":"https:\/\/rossotime.com\/es\/wp-json\/wp\/v2\/media\/2098"}],"wp:attachment":[{"href":"https:\/\/rossotime.com\/es\/wp-json\/wp\/v2\/media?parent=2159"}],"wp:term":[{"taxonomy":"product_brand","embeddable":true,"href":"https:\/\/rossotime.com\/es\/wp-json\/wp\/v2\/product_brand?post=2159"},{"taxonomy":"product_cat","embeddable":true,"href":"https:\/\/rossotime.com\/es\/wp-json\/wp\/v2\/product_cat?post=2159"},{"taxonomy":"product_tag","embeddable":true,"href":"https:\/\/rossotime.com\/es\/wp-json\/wp\/v2\/product_tag?post=2159"}],"curies":[{"name":"wp","href":"https:\/\/api.w.org\/{rel}","templated":true}]}}