{"id":2157,"date":"2024-01-25T11:00:34","date_gmt":"2024-01-25T11:00:34","guid":{"rendered":"https:\/\/rossotime.com\/shop\/uncategorized\/rolex-daytona-white-gold\/"},"modified":"2025-11-28T15:41:33","modified_gmt":"2025-11-28T15:41:33","slug":"rolex-daytona-white-gold","status":"publish","type":"product","link":"https:\/\/rossotime.com\/es\/shop\/rolex-es\/rolex-daytona-white-gold\/","title":{"rendered":"Rolex Daytona Oro Blanco"},"content":{"rendered":"<p>Descubre la elegancia atemporal con el Rolex Daytona Oro Blanco \u00a1Sum\u00e9rgete en un mundo de lujo y precisi\u00f3n!<\/p>\n<p>Este reloj de alta gama combina una artesan\u00eda excepcional con un dise\u00f1o impecable, lo que lo convierte en la joya perfecta para los amantes de los relojes. Ese reloj tiene recibo de servicio Rolex, caja original y correa de cuero nueva.<\/p>\n<p>Ideal para el uso diario, este Rolex Daytona es m\u00e1s que un reloj: es una declaraci\u00f3n de estilo y estatus. Su esfera negra resalta la excelencia suiza y la meticulosa atenci\u00f3n a cada detalle.<\/p>\n<p>La correa de piel a\u00f1ade un toque cl\u00e1sico, asegurando que este reloj destaque en cualquier ocasi\u00f3n.<\/p>\n","protected":false},"excerpt":{"rendered":"<p><img fetchpriority=\"high\" decoding=\"async\" class=\"alignnone size-medium wp-image-1204\" src=\"https:\/\/rossotime.com\/wp-content\/uploads\/2024\/01\/Rolex-7-300x200.jpg\" alt=\"\" width=\"300\" height=\"200\" srcset=\"https:\/\/rossotime.com\/wp-content\/uploads\/2024\/01\/Rolex-7-300x200.jpg 300w, https:\/\/rossotime.com\/wp-content\/uploads\/2024\/01\/Rolex-7-1024x683.jpg 1024w, https:\/\/rossotime.com\/wp-content\/uploads\/2024\/01\/Rolex-7-768x512.jpg 768w, https:\/\/rossotime.com\/wp-content\/uploads\/2024\/01\/Rolex-7-1536x1024.jpg 1536w, https:\/\/rossotime.com\/wp-content\/uploads\/2024\/01\/Rolex-7-600x400.jpg 600w, https:\/\/rossotime.com\/wp-content\/uploads\/2024\/01\/Rolex-7.jpg 1882w\" sizes=\"(max-width: 300px) 100vw, 300px\" \/><img decoding=\"async\" class=\"alignnone size-medium wp-image-1203\" src=\"https:\/\/rossotime.com\/wp-content\/uploads\/2024\/01\/Rolex-8-300x200.jpg\" alt=\"\" width=\"300\" height=\"200\" srcset=\"https:\/\/rossotime.com\/wp-content\/uploads\/2024\/01\/Rolex-8-300x200.jpg 300w, https:\/\/rossotime.com\/wp-content\/uploads\/2024\/01\/Rolex-8-1024x682.jpg 1024w, https:\/\/rossotime.com\/wp-content\/uploads\/2024\/01\/Rolex-8-768x512.jpg 768w, https:\/\/rossotime.com\/wp-content\/uploads\/2024\/01\/Rolex-8-1536x1023.jpg 1536w, https:\/\/rossotime.com\/wp-content\/uploads\/2024\/01\/Rolex-8-600x400.jpg 600w, https:\/\/rossotime.com\/wp-content\/uploads\/2024\/01\/Rolex-8.jpg 1882w\" sizes=\"(max-width: 300px) 100vw, 300px\" \/><img decoding=\"async\" class=\"alignnone size-medium wp-image-1199\" src=\"https:\/\/rossotime.com\/wp-content\/uploads\/2024\/01\/Rolex-11-300x200.jpg\" alt=\"\" width=\"300\" height=\"200\" srcset=\"https:\/\/rossotime.com\/wp-content\/uploads\/2024\/01\/Rolex-11-300x200.jpg 300w, https:\/\/rossotime.com\/wp-content\/uploads\/2024\/01\/Rolex-11-1024x683.jpg 1024w, https:\/\/rossotime.com\/wp-content\/uploads\/2024\/01\/Rolex-11-768x512.jpg 768w, https:\/\/rossotime.com\/wp-content\/uploads\/2024\/01\/Rolex-11-1536x1024.jpg 1536w, https:\/\/rossotime.com\/wp-content\/uploads\/2024\/01\/Rolex-11-600x400.jpg 600w, https:\/\/rossotime.com\/wp-content\/uploads\/2024\/01\/Rolex-11.jpg 1882w\" sizes=\"(max-width: 300px) 100vw, 300px\" \/><img loading=\"lazy\" decoding=\"async\" class=\"alignnone size-medium wp-image-1202\" src=\"https:\/\/rossotime.com\/wp-content\/uploads\/2024\/01\/Rolex-10-300x200.jpg\" alt=\"\" width=\"300\" height=\"200\" srcset=\"https:\/\/rossotime.com\/wp-content\/uploads\/2024\/01\/Rolex-10-300x200.jpg 300w, https:\/\/rossotime.com\/wp-content\/uploads\/2024\/01\/Rolex-10-1024x683.jpg 1024w, https:\/\/rossotime.com\/wp-content\/uploads\/2024\/01\/Rolex-10-768x512.jpg 768w, https:\/\/rossotime.com\/wp-content\/uploads\/2024\/01\/Rolex-10-1536x1024.jpg 1536w, https:\/\/rossotime.com\/wp-content\/uploads\/2024\/01\/Rolex-10-600x400.jpg 600w, https:\/\/rossotime.com\/wp-content\/uploads\/2024\/01\/Rolex-10.jpg 1882w\" sizes=\"(max-width: 300px) 100vw, 300px\" \/><img loading=\"lazy\" decoding=\"async\" class=\"alignnone size-medium wp-image-1209\" src=\"https:\/\/rossotime.com\/wp-content\/uploads\/2024\/01\/Rolex-12-300x200.jpg\" alt=\"\" width=\"300\" height=\"200\" srcset=\"https:\/\/rossotime.com\/wp-content\/uploads\/2024\/01\/Rolex-12-300x200.jpg 300w, https:\/\/rossotime.com\/wp-content\/uploads\/2024\/01\/Rolex-12-1024x683.jpg 1024w, https:\/\/rossotime.com\/wp-content\/uploads\/2024\/01\/Rolex-12-768x512.jpg 768w, https:\/\/rossotime.com\/wp-content\/uploads\/2024\/01\/Rolex-12-1536x1024.jpg 1536w, https:\/\/rossotime.com\/wp-content\/uploads\/2024\/01\/Rolex-12-600x400.jpg 600w, https:\/\/rossotime.com\/wp-content\/uploads\/2024\/01\/Rolex-12.jpg 1882w\" sizes=\"(max-width: 300px) 100vw, 300px\" \/><img loading=\"lazy\" decoding=\"async\" class=\"alignnone size-medium wp-image-1208\" src=\"https:\/\/rossotime.com\/wp-content\/uploads\/2024\/01\/Rolex-13-300x200.jpg\" alt=\"\" width=\"300\" height=\"200\" srcset=\"https:\/\/rossotime.com\/wp-content\/uploads\/2024\/01\/Rolex-13-300x200.jpg 300w, https:\/\/rossotime.com\/wp-content\/uploads\/2024\/01\/Rolex-13-1024x683.jpg 1024w, https:\/\/rossotime.com\/wp-content\/uploads\/2024\/01\/Rolex-13-768x512.jpg 768w, https:\/\/rossotime.com\/wp-content\/uploads\/2024\/01\/Rolex-13-1536x1024.jpg 1536w, https:\/\/rossotime.com\/wp-content\/uploads\/2024\/01\/Rolex-13-600x400.jpg 600w, https:\/\/rossotime.com\/wp-content\/uploads\/2024\/01\/Rolex-13.jpg 1882w\" sizes=\"(max-width: 300px) 100vw, 300px\" \/><img loading=\"lazy\" decoding=\"async\" class=\"alignnone size-medium wp-image-1206\" src=\"https:\/\/rossotime.com\/wp-content\/uploads\/2024\/01\/Rolex-14-300x200.jpg\" alt=\"\" width=\"300\" height=\"200\" srcset=\"https:\/\/rossotime.com\/wp-content\/uploads\/2024\/01\/Rolex-14-300x200.jpg 300w, https:\/\/rossotime.com\/wp-content\/uploads\/2024\/01\/Rolex-14-1024x683.jpg 1024w, https:\/\/rossotime.com\/wp-content\/uploads\/2024\/01\/Rolex-14-768x512.jpg 768w, https:\/\/rossotime.com\/wp-content\/uploads\/2024\/01\/Rolex-14-1536x1024.jpg 1536w, https:\/\/rossotime.com\/wp-content\/uploads\/2024\/01\/Rolex-14-600x400.jpg 600w, https:\/\/rossotime.com\/wp-content\/uploads\/2024\/01\/Rolex-14.jpg 1882w\" sizes=\"(max-width: 300px) 100vw, 300px\" \/><img loading=\"lazy\" decoding=\"async\" class=\"alignnone size-medium wp-image-1205\" src=\"https:\/\/rossotime.com\/wp-content\/uploads\/2024\/01\/Rolex-5-300x200.jpg\" alt=\"\" width=\"300\" height=\"200\" srcset=\"https:\/\/rossotime.com\/wp-content\/uploads\/2024\/01\/Rolex-5-300x200.jpg 300w, https:\/\/rossotime.com\/wp-content\/uploads\/2024\/01\/Rolex-5-1024x683.jpg 1024w, https:\/\/rossotime.com\/wp-content\/uploads\/2024\/01\/Rolex-5-768x512.jpg 768w, https:\/\/rossotime.com\/wp-content\/uploads\/2024\/01\/Rolex-5-1536x1024.jpg 1536w, https:\/\/rossotime.com\/wp-content\/uploads\/2024\/01\/Rolex-5-600x400.jpg 600w, https:\/\/rossotime.com\/wp-content\/uploads\/2024\/01\/Rolex-5.jpg 1882w\" sizes=\"(max-width: 300px) 100vw, 300px\" \/><img loading=\"lazy\" decoding=\"async\" class=\"alignnone size-medium wp-image-1205\" src=\"https:\/\/rossotime.com\/wp-content\/uploads\/2024\/01\/Rolex-5-300x200.jpg\" alt=\"\" width=\"300\" height=\"200\" srcset=\"https:\/\/rossotime.com\/wp-content\/uploads\/2024\/01\/Rolex-5-300x200.jpg 300w, https:\/\/rossotime.com\/wp-content\/uploads\/2024\/01\/Rolex-5-1024x683.jpg 1024w, https:\/\/rossotime.com\/wp-content\/uploads\/2024\/01\/Rolex-5-768x512.jpg 768w, https:\/\/rossotime.com\/wp-content\/uploads\/2024\/01\/Rolex-5-1536x1024.jpg 1536w, https:\/\/rossotime.com\/wp-content\/uploads\/2024\/01\/Rolex-5-600x400.jpg 600w, https:\/\/rossotime.com\/wp-content\/uploads\/2024\/01\/Rolex-5.jpg 1882w\" sizes=\"(max-width: 300px) 100vw, 300px\" \/><img loading=\"lazy\" decoding=\"async\" class=\"alignnone size-medium wp-image-1200\" src=\"https:\/\/rossotime.com\/wp-content\/uploads\/2024\/01\/Rolex-2-300x200.jpg\" alt=\"\" width=\"300\" height=\"200\" srcset=\"https:\/\/rossotime.com\/wp-content\/uploads\/2024\/01\/Rolex-2-300x200.jpg 300w, https:\/\/rossotime.com\/wp-content\/uploads\/2024\/01\/Rolex-2-1024x683.jpg 1024w, https:\/\/rossotime.com\/wp-content\/uploads\/2024\/01\/Rolex-2-768x512.jpg 768w, https:\/\/rossotime.com\/wp-content\/uploads\/2024\/01\/Rolex-2-1536x1024.jpg 1536w, https:\/\/rossotime.com\/wp-content\/uploads\/2024\/01\/Rolex-2-600x400.jpg 600w, https:\/\/rossotime.com\/wp-content\/uploads\/2024\/01\/Rolex-2.jpg 1882w\" sizes=\"(max-width: 300px) 100vw, 300px\" \/><img loading=\"lazy\" decoding=\"async\" class=\"alignnone size-medium wp-image-1197\" src=\"https:\/\/rossotime.com\/wp-content\/uploads\/2024\/01\/Rolex-3-300x200.jpg\" alt=\"\" width=\"300\" height=\"200\" srcset=\"https:\/\/rossotime.com\/wp-content\/uploads\/2024\/01\/Rolex-3-300x200.jpg 300w, https:\/\/rossotime.com\/wp-content\/uploads\/2024\/01\/Rolex-3-1024x683.jpg 1024w, https:\/\/rossotime.com\/wp-content\/uploads\/2024\/01\/Rolex-3-768x512.jpg 768w, https:\/\/rossotime.com\/wp-content\/uploads\/2024\/01\/Rolex-3-1536x1024.jpg 1536w, https:\/\/rossotime.com\/wp-content\/uploads\/2024\/01\/Rolex-3-600x400.jpg 600w, https:\/\/rossotime.com\/wp-content\/uploads\/2024\/01\/Rolex-3.jpg 1882w\" sizes=\"(max-width: 300px) 100vw, 300px\" \/><\/p>\n","protected":false},"featured_media":3983,"comment_status":"open","ping_status":"closed","template":"","meta":{"_acf_changed":false},"product_brand":[],"product_cat":[54],"product_tag":[],"class_list":{"0":"post-2157","1":"product","2":"type-product","3":"status-publish","4":"has-post-thumbnail","6":"product_cat-rolex-es","8":"first","9":"instock","10":"shipping-taxable","11":"purchasable","12":"product-type-simple"},"acf":[],"_links":{"self":[{"href":"https:\/\/rossotime.com\/es\/wp-json\/wp\/v2\/product\/2157","targetHints":{"allow":["GET"]}}],"collection":[{"href":"https:\/\/rossotime.com\/es\/wp-json\/wp\/v2\/product"}],"about":[{"href":"https:\/\/rossotime.com\/es\/wp-json\/wp\/v2\/types\/product"}],"replies":[{"embeddable":true,"href":"https:\/\/rossotime.com\/es\/wp-json\/wp\/v2\/comments?post=2157"}],"wp:featuredmedia":[{"embeddable":true,"href":"https:\/\/rossotime.com\/es\/wp-json\/wp\/v2\/media\/3983"}],"wp:attachment":[{"href":"https:\/\/rossotime.com\/es\/wp-json\/wp\/v2\/media?parent=2157"}],"wp:term":[{"taxonomy":"product_brand","embeddable":true,"href":"https:\/\/rossotime.com\/es\/wp-json\/wp\/v2\/product_brand?post=2157"},{"taxonomy":"product_cat","embeddable":true,"href":"https:\/\/rossotime.com\/es\/wp-json\/wp\/v2\/product_cat?post=2157"},{"taxonomy":"product_tag","embeddable":true,"href":"https:\/\/rossotime.com\/es\/wp-json\/wp\/v2\/product_tag?post=2157"}],"curies":[{"name":"wp","href":"https:\/\/api.w.org\/{rel}","templated":true}]}}