{"id":2155,"date":"2024-02-25T17:19:21","date_gmt":"2024-02-25T17:19:21","guid":{"rendered":"https:\/\/rossotime.com\/shop\/uncategorized\/rolex-submariner-date\/"},"modified":"2025-11-28T15:40:18","modified_gmt":"2025-11-28T15:40:18","slug":"rolex-submariner-date","status":"publish","type":"product","link":"https:\/\/rossotime.com\/es\/shop\/rolex-es\/rolex-submariner-date\/","title":{"rendered":"Rolex Submariner Fecha"},"content":{"rendered":"<p>\u00abExperimenta el ep\u00edtome del lujo y la precisi\u00f3n con este Rolex Submariner Date de oro amarillo de 18 quilates. Con una llamativa esfera azul y bisel cer\u00e1mico a juego, este emblem\u00e1tico reloj est\u00e1 dise\u00f1ado para ofrecer elegancia y rendimiento. Con una resistencia al agua de hasta 300 metros (1.000 pies) y un movimiento autom\u00e1tico de cuerda autom\u00e1tica, este reloj es perfecto tanto para los entusiastas del submarinismo como para los coleccionistas. El cl\u00e1sico brazalete Oyster a\u00f1ade comodidad y sofisticaci\u00f3n, convirti\u00e9ndolo en una incorporaci\u00f3n atemporal a cualquier colecci\u00f3n.     <\/p>\n","protected":false},"excerpt":{"rendered":"<p>\u00abExperimenta el ep\u00edtome del lujo y la precisi\u00f3n con este Rolex Submariner Date de oro amarillo de 18 quilates. Con una llamativa esfera azul y bisel cer\u00e1mico a juego, este emblem\u00e1tico reloj est\u00e1 dise\u00f1ado para ofrecer elegancia y rendimiento. Con una resistencia al agua de hasta 300 metros (1.000 pies) y un movimiento autom\u00e1tico de [&hellip;]<\/p>\n","protected":false},"featured_media":4724,"comment_status":"open","ping_status":"closed","template":"","meta":{"_acf_changed":false},"product_brand":[],"product_cat":[54],"product_tag":[],"class_list":{"0":"post-2155","1":"product","2":"type-product","3":"status-publish","4":"has-post-thumbnail","6":"product_cat-rolex-es","8":"first","9":"instock","10":"shipping-taxable","11":"purchasable","12":"product-type-simple"},"acf":[],"_links":{"self":[{"href":"https:\/\/rossotime.com\/es\/wp-json\/wp\/v2\/product\/2155","targetHints":{"allow":["GET"]}}],"collection":[{"href":"https:\/\/rossotime.com\/es\/wp-json\/wp\/v2\/product"}],"about":[{"href":"https:\/\/rossotime.com\/es\/wp-json\/wp\/v2\/types\/product"}],"replies":[{"embeddable":true,"href":"https:\/\/rossotime.com\/es\/wp-json\/wp\/v2\/comments?post=2155"}],"wp:featuredmedia":[{"embeddable":true,"href":"https:\/\/rossotime.com\/es\/wp-json\/wp\/v2\/media\/4724"}],"wp:attachment":[{"href":"https:\/\/rossotime.com\/es\/wp-json\/wp\/v2\/media?parent=2155"}],"wp:term":[{"taxonomy":"product_brand","embeddable":true,"href":"https:\/\/rossotime.com\/es\/wp-json\/wp\/v2\/product_brand?post=2155"},{"taxonomy":"product_cat","embeddable":true,"href":"https:\/\/rossotime.com\/es\/wp-json\/wp\/v2\/product_cat?post=2155"},{"taxonomy":"product_tag","embeddable":true,"href":"https:\/\/rossotime.com\/es\/wp-json\/wp\/v2\/product_tag?post=2155"}],"curies":[{"name":"wp","href":"https:\/\/api.w.org\/{rel}","templated":true}]}}