{"id":2151,"date":"2024-03-10T15:13:37","date_gmt":"2024-03-10T15:13:37","guid":{"rendered":"https:\/\/rossotime.com\/shop\/uncategorized\/audemars-piguet-royal-oak-day-date-moonphase\/"},"modified":"2025-11-28T15:39:58","modified_gmt":"2025-11-28T15:39:58","slug":"audemars-piguet-royal-oak-day-date-moonphase","status":"publish","type":"product","link":"https:\/\/rossotime.com\/es\/shop\/audemars-piguet-es\/audemars-piguet-royal-oak-day-date-moonphase\/","title":{"rendered":"Royal Oak Fechad\u00eda Fases de la Luna"},"content":{"rendered":"<p>El Royal Oak Day Date Moonphase es un espl\u00e9ndido, exquisito y raro reloj de pulsera autom\u00e1tico con fecha de d\u00eda y fase lunar de oro amarillo.<\/p>\n<p>Su caja, tambi\u00e9n de oro amarillo de 18 quilates, tiene un di\u00e1metro de 36 mm, un grosor de 9 mm y un fondo de oro amarillo macizo con el emblema Royal Oak.<\/p>\n<p>El reloj se entrega con su caja y documentos originales.<br \/>\n*El certificado de autenticidad se obtuvo del fabricante Audemars Piguet, en 2022. Se trata de un certificado de sustituci\u00f3n, ya que el reloj se fabric\u00f3 en 1986. <\/p>\n","protected":false},"excerpt":{"rendered":"<p>El Royal Oak Day Date Moonphase es un espl\u00e9ndido, exquisito y raro reloj de pulsera autom\u00e1tico con fecha de d\u00eda y fase lunar de oro amarillo. Su caja, tambi\u00e9n de oro amarillo de 18 quilates, tiene un di\u00e1metro de 36 mm, un grosor de 9 mm y un fondo de oro amarillo macizo con el [&hellip;]<\/p>\n","protected":false},"featured_media":3995,"comment_status":"open","ping_status":"closed","template":"","meta":{"_acf_changed":false},"product_brand":[],"product_cat":[53],"product_tag":[],"class_list":{"0":"post-2151","1":"product","2":"type-product","3":"status-publish","4":"has-post-thumbnail","6":"product_cat-audemars-piguet-es","8":"first","9":"instock","10":"shipping-taxable","11":"purchasable","12":"product-type-simple"},"acf":[],"_links":{"self":[{"href":"https:\/\/rossotime.com\/es\/wp-json\/wp\/v2\/product\/2151","targetHints":{"allow":["GET"]}}],"collection":[{"href":"https:\/\/rossotime.com\/es\/wp-json\/wp\/v2\/product"}],"about":[{"href":"https:\/\/rossotime.com\/es\/wp-json\/wp\/v2\/types\/product"}],"replies":[{"embeddable":true,"href":"https:\/\/rossotime.com\/es\/wp-json\/wp\/v2\/comments?post=2151"}],"wp:featuredmedia":[{"embeddable":true,"href":"https:\/\/rossotime.com\/es\/wp-json\/wp\/v2\/media\/3995"}],"wp:attachment":[{"href":"https:\/\/rossotime.com\/es\/wp-json\/wp\/v2\/media?parent=2151"}],"wp:term":[{"taxonomy":"product_brand","embeddable":true,"href":"https:\/\/rossotime.com\/es\/wp-json\/wp\/v2\/product_brand?post=2151"},{"taxonomy":"product_cat","embeddable":true,"href":"https:\/\/rossotime.com\/es\/wp-json\/wp\/v2\/product_cat?post=2151"},{"taxonomy":"product_tag","embeddable":true,"href":"https:\/\/rossotime.com\/es\/wp-json\/wp\/v2\/product_tag?post=2151"}],"curies":[{"name":"wp","href":"https:\/\/api.w.org\/{rel}","templated":true}]}}