{"id":2150,"date":"2024-03-14T02:17:37","date_gmt":"2024-03-14T02:17:37","guid":{"rendered":"https:\/\/rossotime.com\/shop\/uncategorized\/royal-oak-offshore\/"},"modified":"2025-11-28T15:40:02","modified_gmt":"2025-11-28T15:40:02","slug":"audemars-piguet-royal-oak-offshore","status":"publish","type":"product","link":"https:\/\/rossotime.com\/es\/shop\/audemars-piguet-es\/audemars-piguet-royal-oak-offshore\/","title":{"rendered":"Audemars Piguet Royal Oak Offshore"},"content":{"rendered":"<p><span data-slate-fragment=\"JTVCJTdCJTIydHlwZSUyMiUzQSUyMnBhcmFncmFwaCUyMiUyQyUyMmNoaWxkcmVuJTIyJTNBJTVCJTdCJTIydGV4dCUyMiUzQSUyMkZvciUyMHNhbGUlMjBpcyUyMGFuJTIwQXVkZXJtYXJzJTIwUGlndWV0JTIwUm95YWwlMjBPYWslMjBPZmZzaG9yZSUyMEF1dG9tYXRpYyUyMENocm9ub2dyYXBoJTIwd2F0Y2glMkMlMjBwdXJjaGFzZWQlMjBpbiUyMEdlbm9hJTIwaW4lMjAyMDIxLiUyMFRoaXMlMjBTd2lzcyUyMG1hZGUlMjB3YXRjaCUyMGhhcyUyMGFuJTIwaWNvbmljJTIwZGVzaWduJTIwd2l0aCUyMGFuJTIwb2N0YWdvbmFsJTIwYmV6ZWwlMjBhbmQlMjBzdGVlbCUyMGNhc2UuJTIwVGhlJTIwYnJvd24lMjBlbWJvc3NlZCUyMGRpYWwlMjBjb250YWlucyUyMGx1bWluZXNjZW50JTIwaW5kZXhlcyUyMGFuZCUyMGlzJTIwcHJvdGVjdGVkJTIwYnklMjBhJTIwc2FwcGhpcmUlMjBjcnlzdGFsLiUyMFRoZSUyMGJyYW5kJ3MlMjBsb2dvJTIwY2FuJTIwYmUlMjBzZWVuJTIwYXQlMjB0aGUlMjB0b3AuJTIwVGhlJTIwc3RyYXAlMjBpcyUyMG1hZGUlMjBvZiUyMGJyb3duJTIwcnViYmVyJTIwYW5kJTIwaGFzJTIwYSUyMHN0ZWVsJTIwYnVja2xlJTIwY2xhc3AuJTIwVGhlJTIwY29uZGl0aW9uJTIwb2YlMjB0aGUlMjB3YXRjaCUyMGlzJTIwaW1wZWNjYWJsZSUyQyUyMGl0JTIwaGFzJTIwbmV2ZXIlMjBiZWVuJTIwd29ybi4lMjBJdCUyMGNvbWVzJTIwd2l0aCUyMGl0cyUyMGJveCUyMGFuZCUyMGRvY3VtZW50cyUyQyUyMGFuZCUyMGluY2x1ZGVzJTIwdGhlJTIwYnJhbmQncyUyMG9mZmljaWFsJTIwZ3VhcmFudGVlLiU1Q3IlMjIlN0QlNUQlN0QlNUQ=\">En venta este incre\u00edble reloj Audemars Piguet Royal Oak Offshore, adquirido en G\u00e9nova en 2021.  <\/span><\/p>\n<p><span data-slate-fragment=\"JTVCJTdCJTIydHlwZSUyMiUzQSUyMnBhcmFncmFwaCUyMiUyQyUyMmNoaWxkcmVuJTIyJTNBJTVCJTdCJTIydGV4dCUyMiUzQSUyMkZvciUyMHNhbGUlMjBpcyUyMGFuJTIwQXVkZXJtYXJzJTIwUGlndWV0JTIwUm95YWwlMjBPYWslMjBPZmZzaG9yZSUyMEF1dG9tYXRpYyUyMENocm9ub2dyYXBoJTIwd2F0Y2glMkMlMjBwdXJjaGFzZWQlMjBpbiUyMEdlbm9hJTIwaW4lMjAyMDIxLiUyMFRoaXMlMjBTd2lzcyUyMG1hZGUlMjB3YXRjaCUyMGhhcyUyMGFuJTIwaWNvbmljJTIwZGVzaWduJTIwd2l0aCUyMGFuJTIwb2N0YWdvbmFsJTIwYmV6ZWwlMjBhbmQlMjBzdGVlbCUyMGNhc2UuJTIwVGhlJTIwYnJvd24lMjBlbWJvc3NlZCUyMGRpYWwlMjBjb250YWlucyUyMGx1bWluZXNjZW50JTIwaW5kZXhlcyUyMGFuZCUyMGlzJTIwcHJvdGVjdGVkJTIwYnklMjBhJTIwc2FwcGhpcmUlMjBjcnlzdGFsLiUyMFRoZSUyMGJyYW5kJ3MlMjBsb2dvJTIwY2FuJTIwYmUlMjBzZWVuJTIwYXQlMjB0aGUlMjB0b3AuJTIwVGhlJTIwc3RyYXAlMjBpcyUyMG1hZGUlMjBvZiUyMGJyb3duJTIwcnViYmVyJTIwYW5kJTIwaGFzJTIwYSUyMHN0ZWVsJTIwYnVja2xlJTIwY2xhc3AuJTIwVGhlJTIwY29uZGl0aW9uJTIwb2YlMjB0aGUlMjB3YXRjaCUyMGlzJTIwaW1wZWNjYWJsZSUyQyUyMGl0JTIwaGFzJTIwbmV2ZXIlMjBiZWVuJTIwd29ybi4lMjBJdCUyMGNvbWVzJTIwd2l0aCUyMGl0cyUyMGJveCUyMGFuZCUyMGRvY3VtZW50cyUyQyUyMGFuZCUyMGluY2x1ZGVzJTIwdGhlJTIwYnJhbmQncyUyMG9mZmljaWFsJTIwZ3VhcmFudGVlLiU1Q3IlMjIlN0QlNUQlN0QlNUQ=\">Este reloj de fabricaci\u00f3n suiza tiene un dise\u00f1o ic\u00f3nico con bisel octogonal y caja de acero. La esfera marr\u00f3n en relieve contiene \u00edndices luminiscentes y est\u00e1 protegida por un cristal de zafiro. El logotipo de la marca puede verse en la parte superior. La correa es de caucho marr\u00f3n y tiene un cierre de hebilla de acero.  <\/span><\/p>\n<p><span data-slate-fragment=\"JTVCJTdCJTIydHlwZSUyMiUzQSUyMnBhcmFncmFwaCUyMiUyQyUyMmNoaWxkcmVuJTIyJTNBJTVCJTdCJTIydGV4dCUyMiUzQSUyMkZvciUyMHNhbGUlMjBpcyUyMGFuJTIwQXVkZXJtYXJzJTIwUGlndWV0JTIwUm95YWwlMjBPYWslMjBPZmZzaG9yZSUyMEF1dG9tYXRpYyUyMENocm9ub2dyYXBoJTIwd2F0Y2glMkMlMjBwdXJjaGFzZWQlMjBpbiUyMEdlbm9hJTIwaW4lMjAyMDIxLiUyMFRoaXMlMjBTd2lzcyUyMG1hZGUlMjB3YXRjaCUyMGhhcyUyMGFuJTIwaWNvbmljJTIwZGVzaWduJTIwd2l0aCUyMGFuJTIwb2N0YWdvbmFsJTIwYmV6ZWwlMjBhbmQlMjBzdGVlbCUyMGNhc2UuJTIwVGhlJTIwYnJvd24lMjBlbWJvc3NlZCUyMGRpYWwlMjBjb250YWlucyUyMGx1bWluZXNjZW50JTIwaW5kZXhlcyUyMGFuZCUyMGlzJTIwcHJvdGVjdGVkJTIwYnklMjBhJTIwc2FwcGhpcmUlMjBjcnlzdGFsLiUyMFRoZSUyMGJyYW5kJ3MlMjBsb2dvJTIwY2FuJTIwYmUlMjBzZWVuJTIwYXQlMjB0aGUlMjB0b3AuJTIwVGhlJTIwc3RyYXAlMjBpcyUyMG1hZGUlMjBvZiUyMGJyb3duJTIwcnViYmVyJTIwYW5kJTIwaGFzJTIwYSUyMHN0ZWVsJTIwYnVja2xlJTIwY2xhc3AuJTIwVGhlJTIwY29uZGl0aW9uJTIwb2YlMjB0aGUlMjB3YXRjaCUyMGlzJTIwaW1wZWNjYWJsZSUyQyUyMGl0JTIwaGFzJTIwbmV2ZXIlMjBiZWVuJTIwd29ybi4lMjBJdCUyMGNvbWVzJTIwd2l0aCUyMGl0cyUyMGJveCUyMGFuZCUyMGRvY3VtZW50cyUyQyUyMGFuZCUyMGluY2x1ZGVzJTIwdGhlJTIwYnJhbmQncyUyMG9mZmljaWFsJTIwZ3VhcmFudGVlLiU1Q3IlMjIlN0QlNUQlN0QlNUQ=\">El estado del reloj es impecable, nunca se ha usado. Se entrega con su caja y documentos, e incluye la garant\u00eda oficial de la marca.  <\/span><\/p>\n","protected":false},"excerpt":{"rendered":"<p>En venta este incre\u00edble reloj Audemars Piguet Royal Oak Offshore, adquirido en G\u00e9nova en 2021. Este reloj de fabricaci\u00f3n suiza tiene un dise\u00f1o ic\u00f3nico con bisel octogonal y caja de acero. La esfera marr\u00f3n en relieve contiene \u00edndices luminiscentes y est\u00e1 protegida por un cristal de zafiro. El logotipo de la marca puede verse en [&hellip;]<\/p>\n","protected":false},"featured_media":2085,"comment_status":"open","ping_status":"closed","template":"","meta":{"_acf_changed":false},"product_brand":[],"product_cat":[53],"product_tag":[],"class_list":{"0":"post-2150","1":"product","2":"type-product","3":"status-publish","4":"has-post-thumbnail","6":"product_cat-audemars-piguet-es","8":"first","9":"outofstock","10":"shipping-taxable","11":"product-type-simple"},"acf":[],"_links":{"self":[{"href":"https:\/\/rossotime.com\/es\/wp-json\/wp\/v2\/product\/2150","targetHints":{"allow":["GET"]}}],"collection":[{"href":"https:\/\/rossotime.com\/es\/wp-json\/wp\/v2\/product"}],"about":[{"href":"https:\/\/rossotime.com\/es\/wp-json\/wp\/v2\/types\/product"}],"replies":[{"embeddable":true,"href":"https:\/\/rossotime.com\/es\/wp-json\/wp\/v2\/comments?post=2150"}],"wp:featuredmedia":[{"embeddable":true,"href":"https:\/\/rossotime.com\/es\/wp-json\/wp\/v2\/media\/2085"}],"wp:attachment":[{"href":"https:\/\/rossotime.com\/es\/wp-json\/wp\/v2\/media?parent=2150"}],"wp:term":[{"taxonomy":"product_brand","embeddable":true,"href":"https:\/\/rossotime.com\/es\/wp-json\/wp\/v2\/product_brand?post=2150"},{"taxonomy":"product_cat","embeddable":true,"href":"https:\/\/rossotime.com\/es\/wp-json\/wp\/v2\/product_cat?post=2150"},{"taxonomy":"product_tag","embeddable":true,"href":"https:\/\/rossotime.com\/es\/wp-json\/wp\/v2\/product_tag?post=2150"}],"curies":[{"name":"wp","href":"https:\/\/api.w.org\/{rel}","templated":true}]}}