{"id":2147,"date":"2024-04-08T16:00:38","date_gmt":"2024-04-08T16:00:38","guid":{"rendered":"https:\/\/rossotime.com\/shop\/uncategorized\/nautilus\/"},"modified":"2026-03-30T08:56:06","modified_gmt":"2026-03-30T08:56:06","slug":"patek-philippe-nautilus","status":"publish","type":"product","link":"https:\/\/rossotime.com\/es\/shop\/patek-philippe-es\/patek-philippe-nautilus\/","title":{"rendered":"Patek Philippe Nautilus"},"content":{"rendered":"<p>El Patek Philippe Nautilus 5719\/10G es elegancia en estado puro, fabricado en oro blanco de 21 quilates con bisel octogonal y contornos suaves, la famosa caja est\u00e1 inspirada en la escotilla de un barco y presenta un caracter\u00edstico relieve horizontal acu\u00f1ado.<\/p>\n<p>La caja de 40 mm de di\u00e1metro es estanca hasta 30 metros. Un total de 96 diamantes est\u00e1n engastados en el bisel, lo que hace un total de 1.343 diamantes incrustados en todo el reloj, haciendo que este reloj sea \u00fanico. <\/p>\n","protected":false},"excerpt":{"rendered":"<p>El Patek Philippe 5719\/10G es elegancia en estado puro, fabricado en oro blanco de 21 quilates con bisel octogonal y contornos suaves, la famosa caja est\u00e1 inspirada en la escotilla de un barco y presenta un caracter\u00edstico relieve horizontal acu\u00f1ado.<\/p>\n<p>La caja de 40 mm de di\u00e1metro es estanca hasta 30 metros. Un total de 96 diamantes est\u00e1n engastados en el bisel, lo que hace un total de 1.343 diamantes incrustados en todo el reloj, haciendo que este reloj sea \u00fanico. <\/p>\n","protected":false},"featured_media":3513,"comment_status":"open","ping_status":"closed","template":"","meta":{"_acf_changed":false},"product_brand":[],"product_cat":[52],"product_tag":[],"class_list":{"0":"post-2147","1":"product","2":"type-product","3":"status-publish","4":"has-post-thumbnail","6":"product_cat-patek-philippe-es","8":"first","9":"instock","10":"shipping-taxable","11":"purchasable","12":"product-type-simple"},"acf":[],"_links":{"self":[{"href":"https:\/\/rossotime.com\/es\/wp-json\/wp\/v2\/product\/2147","targetHints":{"allow":["GET"]}}],"collection":[{"href":"https:\/\/rossotime.com\/es\/wp-json\/wp\/v2\/product"}],"about":[{"href":"https:\/\/rossotime.com\/es\/wp-json\/wp\/v2\/types\/product"}],"replies":[{"embeddable":true,"href":"https:\/\/rossotime.com\/es\/wp-json\/wp\/v2\/comments?post=2147"}],"wp:featuredmedia":[{"embeddable":true,"href":"https:\/\/rossotime.com\/es\/wp-json\/wp\/v2\/media\/3513"}],"wp:attachment":[{"href":"https:\/\/rossotime.com\/es\/wp-json\/wp\/v2\/media?parent=2147"}],"wp:term":[{"taxonomy":"product_brand","embeddable":true,"href":"https:\/\/rossotime.com\/es\/wp-json\/wp\/v2\/product_brand?post=2147"},{"taxonomy":"product_cat","embeddable":true,"href":"https:\/\/rossotime.com\/es\/wp-json\/wp\/v2\/product_cat?post=2147"},{"taxonomy":"product_tag","embeddable":true,"href":"https:\/\/rossotime.com\/es\/wp-json\/wp\/v2\/product_tag?post=2147"}],"curies":[{"name":"wp","href":"https:\/\/api.w.org\/{rel}","templated":true}]}}