{"id":2146,"date":"2024-04-10T16:42:57","date_gmt":"2024-04-10T16:42:57","guid":{"rendered":"https:\/\/rossotime.com\/shop\/uncategorized\/richard-mille-rm11\/"},"modified":"2025-11-28T15:39:43","modified_gmt":"2025-11-28T15:39:43","slug":"richard-mille-11-03","status":"publish","type":"product","link":"https:\/\/rossotime.com\/es\/shop\/richard-mille-es\/richard-mille-11-03\/","title":{"rendered":"Richard Mille 11-03"},"content":{"rendered":"<p>El Richard Mille 11-03 es sin duda uno de los relojes m\u00e1s populares del fabricante suizo de relojes de lujo Richard Mille.<\/p>\n<p>Este reloj, que debut\u00f3 en 2007, se desarroll\u00f3 en colaboraci\u00f3n con el piloto de F\u00f3rmula 1 Felipe Massa, que quer\u00eda un reloj que pudiera soportar las enormes fuerzas de una carrera de F1. El resultado fue un cron\u00f3grafo de alta tecnolog\u00eda que sigue siendo uno de los relojes m\u00e1s robustos jam\u00e1s fabricados. <\/p>\n","protected":false},"excerpt":{"rendered":"<p>El Richard Mille 11-03 es sin duda uno de los relojes m\u00e1s populares del fabricante suizo de relojes de lujo Richard Mille. Este reloj, que debut\u00f3 en 2007, se desarroll\u00f3 en colaboraci\u00f3n con el piloto de F\u00f3rmula 1 Felipe Massa, que quer\u00eda un reloj que pudiera soportar las enormes fuerzas de una carrera de F1. [&hellip;]<\/p>\n","protected":false},"featured_media":4002,"comment_status":"open","ping_status":"closed","template":"","meta":{"_acf_changed":false},"product_brand":[],"product_cat":[51],"product_tag":[91,92],"class_list":{"0":"post-2146","1":"product","2":"type-product","3":"status-publish","4":"has-post-thumbnail","6":"product_cat-richard-mille-es","7":"product_tag-richardmille1103-es","8":"product_tag-richarmille-es","10":"first","11":"outofstock","12":"shipping-taxable","13":"product-type-simple"},"acf":[],"_links":{"self":[{"href":"https:\/\/rossotime.com\/es\/wp-json\/wp\/v2\/product\/2146","targetHints":{"allow":["GET"]}}],"collection":[{"href":"https:\/\/rossotime.com\/es\/wp-json\/wp\/v2\/product"}],"about":[{"href":"https:\/\/rossotime.com\/es\/wp-json\/wp\/v2\/types\/product"}],"replies":[{"embeddable":true,"href":"https:\/\/rossotime.com\/es\/wp-json\/wp\/v2\/comments?post=2146"}],"wp:featuredmedia":[{"embeddable":true,"href":"https:\/\/rossotime.com\/es\/wp-json\/wp\/v2\/media\/4002"}],"wp:attachment":[{"href":"https:\/\/rossotime.com\/es\/wp-json\/wp\/v2\/media?parent=2146"}],"wp:term":[{"taxonomy":"product_brand","embeddable":true,"href":"https:\/\/rossotime.com\/es\/wp-json\/wp\/v2\/product_brand?post=2146"},{"taxonomy":"product_cat","embeddable":true,"href":"https:\/\/rossotime.com\/es\/wp-json\/wp\/v2\/product_cat?post=2146"},{"taxonomy":"product_tag","embeddable":true,"href":"https:\/\/rossotime.com\/es\/wp-json\/wp\/v2\/product_tag?post=2146"}],"curies":[{"name":"wp","href":"https:\/\/api.w.org\/{rel}","templated":true}]}}